{"id":93441,"date":"2025-03-11T18:06:57","date_gmt":"2025-03-11T21:06:57","guid":{"rendered":"https:\/\/anacleta.com.ar\/?post_type=product&#038;p=93441"},"modified":"2025-05-19T17:38:28","modified_gmt":"2025-05-19T20:38:28","slug":"jogger-salmon","status":"publish","type":"product","link":"https:\/\/anacleta.com.ar\/es_es\/producto\/jogger-salmon\/","title":{"rendered":"Jogger Salmon"},"content":{"rendered":"","protected":false},"excerpt":{"rendered":"<p>La comodidad de siempre para estar bien vestida y c\u00f3moda con esta joggerde tela brillosa (no pica) en tono plata, bolsillos delanteros y traseros. Cintura con el\u00e1stico y cord\u00f3n para ajustar, tiro medio alto.<\/p>\n","protected":false},"featured_media":93448,"template":"","meta":[],"product_brand":[],"product_cat":[134],"product_tag":[117],"class_list":{"0":"post-93441","1":"product","2":"type-product","3":"status-publish","4":"has-post-thumbnail","6":"product_cat-pantalones","7":"product_tag-mirta-armesto","9":"first","10":"instock","11":"shipping-taxable","12":"purchasable","13":"product-type-variable"},"_links":{"self":[{"href":"https:\/\/anacleta.com.ar\/es_es\/wp-json\/wp\/v2\/product\/93441","targetHints":{"allow":["GET"]}}],"collection":[{"href":"https:\/\/anacleta.com.ar\/es_es\/wp-json\/wp\/v2\/product"}],"about":[{"href":"https:\/\/anacleta.com.ar\/es_es\/wp-json\/wp\/v2\/types\/product"}],"wp:featuredmedia":[{"embeddable":true,"href":"https:\/\/anacleta.com.ar\/es_es\/wp-json\/wp\/v2\/media\/93448"}],"wp:attachment":[{"href":"https:\/\/anacleta.com.ar\/es_es\/wp-json\/wp\/v2\/media?parent=93441"}],"wp:term":[{"taxonomy":"product_brand","embeddable":true,"href":"https:\/\/anacleta.com.ar\/es_es\/wp-json\/wp\/v2\/product_brand?post=93441"},{"taxonomy":"product_cat","embeddable":true,"href":"https:\/\/anacleta.com.ar\/es_es\/wp-json\/wp\/v2\/product_cat?post=93441"},{"taxonomy":"product_tag","embeddable":true,"href":"https:\/\/anacleta.com.ar\/es_es\/wp-json\/wp\/v2\/product_tag?post=93441"}],"curies":[{"name":"wp","href":"https:\/\/api.w.org\/{rel}","templated":true}]}}