{"id":93450,"date":"2025-03-11T18:12:25","date_gmt":"2025-03-11T21:12:25","guid":{"rendered":"https:\/\/anacleta.com.ar\/?post_type=product&#038;p=93450"},"modified":"2025-05-29T10:23:36","modified_gmt":"2025-05-29T13:23:36","slug":"jogger-redwood","status":"publish","type":"product","link":"https:\/\/anacleta.com.ar\/es_es\/producto\/jogger-redwood\/","title":{"rendered":"Jogger Redwood"},"content":{"rendered":"","protected":false},"excerpt":{"rendered":"<p>Jogger de dise\u00f1o exclusivo con estrellas y gal\u00f3n lateral plateado, fondo tipo batik. Bolsillos delanteros y traseros con cintura el\u00e1stica y cord\u00f3n, tiro medio alto.<\/p>\n","protected":false},"featured_media":93457,"template":"","meta":[],"product_brand":[],"product_cat":[134],"product_tag":[117],"class_list":{"0":"post-93450","1":"product","2":"type-product","3":"status-publish","4":"has-post-thumbnail","6":"product_cat-pantalones","7":"product_tag-mirta-armesto","9":"first","10":"instock","11":"shipping-taxable","12":"purchasable","13":"product-type-variable"},"_links":{"self":[{"href":"https:\/\/anacleta.com.ar\/es_es\/wp-json\/wp\/v2\/product\/93450","targetHints":{"allow":["GET"]}}],"collection":[{"href":"https:\/\/anacleta.com.ar\/es_es\/wp-json\/wp\/v2\/product"}],"about":[{"href":"https:\/\/anacleta.com.ar\/es_es\/wp-json\/wp\/v2\/types\/product"}],"wp:featuredmedia":[{"embeddable":true,"href":"https:\/\/anacleta.com.ar\/es_es\/wp-json\/wp\/v2\/media\/93457"}],"wp:attachment":[{"href":"https:\/\/anacleta.com.ar\/es_es\/wp-json\/wp\/v2\/media?parent=93450"}],"wp:term":[{"taxonomy":"product_brand","embeddable":true,"href":"https:\/\/anacleta.com.ar\/es_es\/wp-json\/wp\/v2\/product_brand?post=93450"},{"taxonomy":"product_cat","embeddable":true,"href":"https:\/\/anacleta.com.ar\/es_es\/wp-json\/wp\/v2\/product_cat?post=93450"},{"taxonomy":"product_tag","embeddable":true,"href":"https:\/\/anacleta.com.ar\/es_es\/wp-json\/wp\/v2\/product_tag?post=93450"}],"curies":[{"name":"wp","href":"https:\/\/api.w.org\/{rel}","templated":true}]}}