{"id":93495,"date":"2025-03-11T18:40:22","date_gmt":"2025-03-11T21:40:22","guid":{"rendered":"https:\/\/anacleta.com.ar\/?post_type=product&#038;p=93495"},"modified":"2025-08-22T12:48:54","modified_gmt":"2025-08-22T15:48:54","slug":"remera-parfait-2","status":"publish","type":"product","link":"https:\/\/anacleta.com.ar\/es_es\/producto\/remera-parfait-2\/","title":{"rendered":"Remera Parfait"},"content":{"rendered":"","protected":false},"excerpt":{"rendered":"<p>Espectacular remera met\u00e1lica de escote en V, levanta cualquier look por su dise\u00f1o. Larga por debajo de cintura de pantal\u00f3n, de calce suelto y c\u00f3modo.<\/p>\n","protected":false},"featured_media":93499,"template":"","meta":[],"product_brand":[],"product_cat":[129],"product_tag":[117],"class_list":{"0":"post-93495","1":"product","2":"type-product","3":"status-publish","4":"has-post-thumbnail","6":"product_cat-remeras","7":"product_tag-mirta-armesto","9":"first","10":"instock","11":"shipping-taxable","12":"purchasable","13":"product-type-variable"},"_links":{"self":[{"href":"https:\/\/anacleta.com.ar\/es_es\/wp-json\/wp\/v2\/product\/93495","targetHints":{"allow":["GET"]}}],"collection":[{"href":"https:\/\/anacleta.com.ar\/es_es\/wp-json\/wp\/v2\/product"}],"about":[{"href":"https:\/\/anacleta.com.ar\/es_es\/wp-json\/wp\/v2\/types\/product"}],"wp:featuredmedia":[{"embeddable":true,"href":"https:\/\/anacleta.com.ar\/es_es\/wp-json\/wp\/v2\/media\/93499"}],"wp:attachment":[{"href":"https:\/\/anacleta.com.ar\/es_es\/wp-json\/wp\/v2\/media?parent=93495"}],"wp:term":[{"taxonomy":"product_brand","embeddable":true,"href":"https:\/\/anacleta.com.ar\/es_es\/wp-json\/wp\/v2\/product_brand?post=93495"},{"taxonomy":"product_cat","embeddable":true,"href":"https:\/\/anacleta.com.ar\/es_es\/wp-json\/wp\/v2\/product_cat?post=93495"},{"taxonomy":"product_tag","embeddable":true,"href":"https:\/\/anacleta.com.ar\/es_es\/wp-json\/wp\/v2\/product_tag?post=93495"}],"curies":[{"name":"wp","href":"https:\/\/api.w.org\/{rel}","templated":true}]}}