{"id":93650,"date":"2025-03-13T10:30:54","date_gmt":"2025-03-13T13:30:54","guid":{"rendered":"https:\/\/anacleta.com.ar\/?post_type=product&#038;p=93650"},"modified":"2026-02-06T19:05:59","modified_gmt":"2026-02-06T22:05:59","slug":"vestido-kali","status":"publish","type":"product","link":"https:\/\/anacleta.com.ar\/es_es\/producto\/vestido-kali\/","title":{"rendered":"Vestido Kali"},"content":{"rendered":"","protected":false},"excerpt":{"rendered":"<p>Vestido largo de encaje bordado, hotfix y puntillas, con breteles regulables. Tiene escote en V en delantero y detalle de recorte en la falda.<\/p>\n<p>*En fotos con vestido Kalin, culotte Pali y top Nako (no incluidos).<\/p>\n<p><strong>Composici\u00f3n:\u00a0<\/strong>100% poli\u00e9ster.<\/p>\n<p><strong>Cuidados:<\/strong>\u00a0Textil delicado, no rozar con otras superficies. Cuidar que no se enganche. Lavar a mano con agua fr\u00eda. Usar jab\u00f3n neutro. Planchar \u00fanicamente con vapor. Secar a la sombra.<\/p>\n<p><strong>Referencia modelo:\u00a0<\/strong>Altura 1,70. Talle 1.\u00a0<strong>Modelo campa\u00f1a:\u00a0<\/strong>Altura 1,80. Talle 1.<\/p>\n","protected":false},"featured_media":93654,"template":"","meta":[],"product_brand":[487],"product_cat":[130],"product_tag":[196],"class_list":{"0":"post-93650","1":"product","2":"type-product","3":"status-publish","4":"has-post-thumbnail","6":"product_brand-shibinda","7":"product_cat-vestidos-y-faldas","8":"product_tag-shibinda","10":"first","11":"instock","12":"shipping-taxable","13":"purchasable","14":"product-type-variable"},"_links":{"self":[{"href":"https:\/\/anacleta.com.ar\/es_es\/wp-json\/wp\/v2\/product\/93650","targetHints":{"allow":["GET"]}}],"collection":[{"href":"https:\/\/anacleta.com.ar\/es_es\/wp-json\/wp\/v2\/product"}],"about":[{"href":"https:\/\/anacleta.com.ar\/es_es\/wp-json\/wp\/v2\/types\/product"}],"wp:featuredmedia":[{"embeddable":true,"href":"https:\/\/anacleta.com.ar\/es_es\/wp-json\/wp\/v2\/media\/93654"}],"wp:attachment":[{"href":"https:\/\/anacleta.com.ar\/es_es\/wp-json\/wp\/v2\/media?parent=93650"}],"wp:term":[{"taxonomy":"product_brand","embeddable":true,"href":"https:\/\/anacleta.com.ar\/es_es\/wp-json\/wp\/v2\/product_brand?post=93650"},{"taxonomy":"product_cat","embeddable":true,"href":"https:\/\/anacleta.com.ar\/es_es\/wp-json\/wp\/v2\/product_cat?post=93650"},{"taxonomy":"product_tag","embeddable":true,"href":"https:\/\/anacleta.com.ar\/es_es\/wp-json\/wp\/v2\/product_tag?post=93650"}],"curies":[{"name":"wp","href":"https:\/\/api.w.org\/{rel}","templated":true}]}}