{"id":93674,"date":"2025-03-13T11:10:32","date_gmt":"2025-03-13T14:10:32","guid":{"rendered":"https:\/\/anacleta.com.ar\/?post_type=product&#038;p=93674"},"modified":"2026-03-13T10:05:37","modified_gmt":"2026-03-13T13:05:37","slug":"blusa-nala","status":"publish","type":"product","link":"https:\/\/anacleta.com.ar\/es_es\/producto\/blusa-nala\/","title":{"rendered":"Blusa Nala"},"content":{"rendered":"","protected":false},"excerpt":{"rendered":"<p>Blusa de gasa con puntillas de algod\u00f3n a tono, cuello semi polera y acceso en cuello con botones a tono. Pu\u00f1os con cartera. Es semi transl\u00facida.<\/p>\n<p><strong>Composici\u00f3n:\u00a0<\/strong>100% poli\u00e9ster.<\/p>\n<p><strong>Cuidados:\u00a0<\/strong>Textil delicado, no rozar con otras superficies. Cuidar que no se enganche. Lavar a mano con agua fr\u00eda. Usar jab\u00f3n neutro. Planchar \u00fanicamente con vapor. Secar a la sombra.<\/p>\n<p><strong>Referencia modelo:<\/strong>\u00a0Altura 1,70. Talle 1.<\/p>\n","protected":false},"featured_media":93678,"template":"","meta":[],"product_brand":[487],"product_cat":[492,184,475],"product_tag":[196],"class_list":{"0":"post-93674","1":"product","2":"type-product","3":"status-publish","4":"has-post-thumbnail","6":"product_brand-shibinda","7":"product_cat-2x1","8":"product_cat-camisas","9":"product_cat-hotsale","10":"product_tag-shibinda","12":"first","13":"instock","14":"shipping-taxable","15":"purchasable","16":"product-type-variable"},"_links":{"self":[{"href":"https:\/\/anacleta.com.ar\/es_es\/wp-json\/wp\/v2\/product\/93674","targetHints":{"allow":["GET"]}}],"collection":[{"href":"https:\/\/anacleta.com.ar\/es_es\/wp-json\/wp\/v2\/product"}],"about":[{"href":"https:\/\/anacleta.com.ar\/es_es\/wp-json\/wp\/v2\/types\/product"}],"wp:featuredmedia":[{"embeddable":true,"href":"https:\/\/anacleta.com.ar\/es_es\/wp-json\/wp\/v2\/media\/93678"}],"wp:attachment":[{"href":"https:\/\/anacleta.com.ar\/es_es\/wp-json\/wp\/v2\/media?parent=93674"}],"wp:term":[{"taxonomy":"product_brand","embeddable":true,"href":"https:\/\/anacleta.com.ar\/es_es\/wp-json\/wp\/v2\/product_brand?post=93674"},{"taxonomy":"product_cat","embeddable":true,"href":"https:\/\/anacleta.com.ar\/es_es\/wp-json\/wp\/v2\/product_cat?post=93674"},{"taxonomy":"product_tag","embeddable":true,"href":"https:\/\/anacleta.com.ar\/es_es\/wp-json\/wp\/v2\/product_tag?post=93674"}],"curies":[{"name":"wp","href":"https:\/\/api.w.org\/{rel}","templated":true}]}}