{"id":93688,"date":"2025-03-13T11:18:46","date_gmt":"2025-03-13T14:18:46","guid":{"rendered":"https:\/\/anacleta.com.ar\/?post_type=product&#038;p=93688"},"modified":"2026-02-13T19:51:30","modified_gmt":"2026-02-13T22:51:30","slug":"falda-smara-2","status":"publish","type":"product","link":"https:\/\/anacleta.com.ar\/es_es\/producto\/falda-smara-2\/","title":{"rendered":"Falda Smara"},"content":{"rendered":"","protected":false},"excerpt":{"rendered":"<p>Falda larga balloon de popl\u00edn. Se encuentra \u00edntegramente forrada y acceso con cierre invisible en trasero.<\/p>\n<p><strong>Composici\u00f3n:<\/strong>\u00a096% poli\u00e9ster, 4% spandex..<\/p>\n<p><strong>Cuidados:<\/strong>\u00a0Prenda delicada. Lavar a mano con agua fr\u00eda y jab\u00f3n neutro. No centrifugar. No usar lej\u00eda. Plancha m\u00ednima con pa\u00f1o.<\/p>\n<p><strong>Referencia modelo morocha:\u00a0<\/strong>Altura 1,70. Talle 1.\u00a0<strong>Modelo rubia:<\/strong>\u00a0Altura 1,72. Talle 1.<\/p>\n","protected":false},"featured_media":93692,"template":"","meta":[],"product_brand":[487],"product_cat":[492,475,130],"product_tag":[196],"class_list":{"0":"post-93688","1":"product","2":"type-product","3":"status-publish","4":"has-post-thumbnail","6":"product_brand-shibinda","7":"product_cat-2x1","8":"product_cat-hotsale","9":"product_cat-vestidos-y-faldas","10":"product_tag-shibinda","12":"first","13":"instock","14":"shipping-taxable","15":"purchasable","16":"product-type-variable"},"_links":{"self":[{"href":"https:\/\/anacleta.com.ar\/es_es\/wp-json\/wp\/v2\/product\/93688","targetHints":{"allow":["GET"]}}],"collection":[{"href":"https:\/\/anacleta.com.ar\/es_es\/wp-json\/wp\/v2\/product"}],"about":[{"href":"https:\/\/anacleta.com.ar\/es_es\/wp-json\/wp\/v2\/types\/product"}],"wp:featuredmedia":[{"embeddable":true,"href":"https:\/\/anacleta.com.ar\/es_es\/wp-json\/wp\/v2\/media\/93692"}],"wp:attachment":[{"href":"https:\/\/anacleta.com.ar\/es_es\/wp-json\/wp\/v2\/media?parent=93688"}],"wp:term":[{"taxonomy":"product_brand","embeddable":true,"href":"https:\/\/anacleta.com.ar\/es_es\/wp-json\/wp\/v2\/product_brand?post=93688"},{"taxonomy":"product_cat","embeddable":true,"href":"https:\/\/anacleta.com.ar\/es_es\/wp-json\/wp\/v2\/product_cat?post=93688"},{"taxonomy":"product_tag","embeddable":true,"href":"https:\/\/anacleta.com.ar\/es_es\/wp-json\/wp\/v2\/product_tag?post=93688"}],"curies":[{"name":"wp","href":"https:\/\/api.w.org\/{rel}","templated":true}]}}