{"id":93738,"date":"2025-03-13T12:07:57","date_gmt":"2025-03-13T15:07:57","guid":{"rendered":"https:\/\/anacleta.com.ar\/?post_type=product&#038;p=93738"},"modified":"2026-02-09T12:07:19","modified_gmt":"2026-02-09T15:07:19","slug":"pantalon-delhi","status":"publish","type":"product","link":"https:\/\/anacleta.com.ar\/es_es\/producto\/pantalon-delhi\/","title":{"rendered":"Pantalon Delhi"},"content":{"rendered":"","protected":false},"excerpt":{"rendered":"<p>Pantal\u00f3n oxford de microtul trasl\u00facido con el\u00e1stico en cintura. Prenda con porcentaje de estiramiento medio.<\/p>\n<p><strong>Composici\u00f3n:\u00a0<\/strong>92% nylon 8% spandex.<\/p>\n<p><strong>Cuidados:\u00a0<\/strong>Lavar a mano con agua fr\u00eda, del rev\u00e9s.\u00a0 No usar cloro. Usar jab\u00f3n neutro. No retorcer, no remojar ni fregar. Secar a la sombra, no utilizar secadora.<\/p>\n<p><strong>Referencia modelo:\u00a0<\/strong>Altura 1,80. Talle 1.<\/p>\n","protected":false},"featured_media":93742,"template":"","meta":[],"product_brand":[487],"product_cat":[134],"product_tag":[196],"class_list":{"0":"post-93738","1":"product","2":"type-product","3":"status-publish","4":"has-post-thumbnail","6":"product_brand-shibinda","7":"product_cat-pantalones","8":"product_tag-shibinda","10":"first","11":"instock","12":"shipping-taxable","13":"purchasable","14":"product-type-variable"},"_links":{"self":[{"href":"https:\/\/anacleta.com.ar\/es_es\/wp-json\/wp\/v2\/product\/93738","targetHints":{"allow":["GET"]}}],"collection":[{"href":"https:\/\/anacleta.com.ar\/es_es\/wp-json\/wp\/v2\/product"}],"about":[{"href":"https:\/\/anacleta.com.ar\/es_es\/wp-json\/wp\/v2\/types\/product"}],"wp:featuredmedia":[{"embeddable":true,"href":"https:\/\/anacleta.com.ar\/es_es\/wp-json\/wp\/v2\/media\/93742"}],"wp:attachment":[{"href":"https:\/\/anacleta.com.ar\/es_es\/wp-json\/wp\/v2\/media?parent=93738"}],"wp:term":[{"taxonomy":"product_brand","embeddable":true,"href":"https:\/\/anacleta.com.ar\/es_es\/wp-json\/wp\/v2\/product_brand?post=93738"},{"taxonomy":"product_cat","embeddable":true,"href":"https:\/\/anacleta.com.ar\/es_es\/wp-json\/wp\/v2\/product_cat?post=93738"},{"taxonomy":"product_tag","embeddable":true,"href":"https:\/\/anacleta.com.ar\/es_es\/wp-json\/wp\/v2\/product_tag?post=93738"}],"curies":[{"name":"wp","href":"https:\/\/api.w.org\/{rel}","templated":true}]}}