{"id":93745,"date":"2025-03-13T12:10:47","date_gmt":"2025-03-13T15:10:47","guid":{"rendered":"https:\/\/anacleta.com.ar\/?post_type=product&#038;p=93745"},"modified":"2026-03-18T10:54:57","modified_gmt":"2026-03-18T13:54:57","slug":"calza-moula","status":"publish","type":"product","link":"https:\/\/anacleta.com.ar\/es_es\/producto\/calza-moula\/","title":{"rendered":"Calza Moula"},"content":{"rendered":"","protected":false},"excerpt":{"rendered":"<p>Calza tiro alto en microtul liso. Tiene el\u00e1stico en la cintura.. Es elastizada y transl\u00facida. Prenda con alto porcentaje de estiramiento.<\/p>\n<p><strong>Composici\u00f3n:\u00a0<\/strong>90% poliamida 10%\u00a0 lycra.<\/p>\n<p><strong>Cuidados:\u00a0<\/strong>Lavar a mano con agua fr\u00eda, del rev\u00e9s. No usar cloro. Usar jab\u00f3n neutro. No retorcer, no remojar ni fregar. Secar a la sombra, no utilizar secadora.<\/p>\n<p><strong>Referencia modelo:\u00a0<\/strong>Altura 1,80. Talle 1.<\/p>\n","protected":false},"featured_media":93749,"template":"","meta":[],"product_brand":[487],"product_cat":[492,475,134],"product_tag":[196],"class_list":{"0":"post-93745","1":"product","2":"type-product","3":"status-publish","4":"has-post-thumbnail","6":"product_brand-shibinda","7":"product_cat-2x1","8":"product_cat-hotsale","9":"product_cat-pantalones","10":"product_tag-shibinda","12":"first","13":"instock","14":"shipping-taxable","15":"purchasable","16":"product-type-variable"},"_links":{"self":[{"href":"https:\/\/anacleta.com.ar\/es_es\/wp-json\/wp\/v2\/product\/93745","targetHints":{"allow":["GET"]}}],"collection":[{"href":"https:\/\/anacleta.com.ar\/es_es\/wp-json\/wp\/v2\/product"}],"about":[{"href":"https:\/\/anacleta.com.ar\/es_es\/wp-json\/wp\/v2\/types\/product"}],"wp:featuredmedia":[{"embeddable":true,"href":"https:\/\/anacleta.com.ar\/es_es\/wp-json\/wp\/v2\/media\/93749"}],"wp:attachment":[{"href":"https:\/\/anacleta.com.ar\/es_es\/wp-json\/wp\/v2\/media?parent=93745"}],"wp:term":[{"taxonomy":"product_brand","embeddable":true,"href":"https:\/\/anacleta.com.ar\/es_es\/wp-json\/wp\/v2\/product_brand?post=93745"},{"taxonomy":"product_cat","embeddable":true,"href":"https:\/\/anacleta.com.ar\/es_es\/wp-json\/wp\/v2\/product_cat?post=93745"},{"taxonomy":"product_tag","embeddable":true,"href":"https:\/\/anacleta.com.ar\/es_es\/wp-json\/wp\/v2\/product_tag?post=93745"}],"curies":[{"name":"wp","href":"https:\/\/api.w.org\/{rel}","templated":true}]}}