{"id":94212,"date":"2025-03-22T12:39:05","date_gmt":"2025-03-22T15:39:05","guid":{"rendered":"https:\/\/anacleta.com.ar\/?post_type=product&#038;p=94212"},"modified":"2026-04-01T18:43:23","modified_gmt":"2026-04-01T21:43:23","slug":"top-peggy-2","status":"publish","type":"product","link":"https:\/\/anacleta.com.ar\/es_es\/producto\/top-peggy-2\/","title":{"rendered":"Top Peggy"},"content":{"rendered":"","protected":false},"excerpt":{"rendered":"<p>Top Peggy confeccionado en tela de punto. Su dise\u00f1o con cuello cerrado redondo y largo a la altura de la cadera permite que sea una prenda vers\u00e1til tanto para usar de d\u00eda como de noche con diferentes looks seg\u00fan la ocasi\u00f3n.<\/p>\n<p>Composici\u00f3n: 95% Algod\u00f3n Pima 5% Elastano<\/p>\n<p>Referencia modelo Purpura: Altura 1,73 Talle: 1<\/p>\n","protected":false},"featured_media":94215,"template":"","meta":[],"product_brand":[480],"product_cat":[492,491,461,181],"product_tag":[112],"class_list":{"0":"post-94212","1":"product","2":"type-product","3":"status-publish","4":"has-post-thumbnail","6":"product_brand-jazmin-chebar","7":"product_cat-2x1","8":"product_cat-flash-market","9":"product_cat-todo-para-chebar","10":"product_cat-tops","11":"product_tag-jazmin-chebar","13":"first","14":"instock","15":"sale","16":"shipping-taxable","17":"purchasable","18":"product-type-variable"},"_links":{"self":[{"href":"https:\/\/anacleta.com.ar\/es_es\/wp-json\/wp\/v2\/product\/94212","targetHints":{"allow":["GET"]}}],"collection":[{"href":"https:\/\/anacleta.com.ar\/es_es\/wp-json\/wp\/v2\/product"}],"about":[{"href":"https:\/\/anacleta.com.ar\/es_es\/wp-json\/wp\/v2\/types\/product"}],"wp:featuredmedia":[{"embeddable":true,"href":"https:\/\/anacleta.com.ar\/es_es\/wp-json\/wp\/v2\/media\/94215"}],"wp:attachment":[{"href":"https:\/\/anacleta.com.ar\/es_es\/wp-json\/wp\/v2\/media?parent=94212"}],"wp:term":[{"taxonomy":"product_brand","embeddable":true,"href":"https:\/\/anacleta.com.ar\/es_es\/wp-json\/wp\/v2\/product_brand?post=94212"},{"taxonomy":"product_cat","embeddable":true,"href":"https:\/\/anacleta.com.ar\/es_es\/wp-json\/wp\/v2\/product_cat?post=94212"},{"taxonomy":"product_tag","embeddable":true,"href":"https:\/\/anacleta.com.ar\/es_es\/wp-json\/wp\/v2\/product_tag?post=94212"}],"curies":[{"name":"wp","href":"https:\/\/api.w.org\/{rel}","templated":true}]}}