{"id":94381,"date":"2025-03-25T10:43:35","date_gmt":"2025-03-25T13:43:35","guid":{"rendered":"https:\/\/anacleta.com.ar\/?post_type=product&#038;p=94381"},"modified":"2026-04-01T19:09:32","modified_gmt":"2026-04-01T22:09:32","slug":"bota-jane","status":"publish","type":"product","link":"https:\/\/anacleta.com.ar\/es_es\/producto\/bota-jane\/","title":{"rendered":"Bota Jane"},"content":{"rendered":"","protected":false},"excerpt":{"rendered":"<p>Bota Jane de media ca\u00f1a realizada en cuero vacuno en su totalidad. El acceso a la bota es gracias a un cierre que se encuentra en los laterales. Sobre el empeine lleva una cadena a modo ornamental, dise\u00f1ada exclusivamente para esta colecci\u00f3n. Tiene un taco medio y el interior est\u00e1 forrado en cuero vacuno.<\/p>\n<p>Composici\u00f3n: Capellada: 100% cuero vacuno flor Forreria: 100% cuero vacuno flor Suela: 100% cuero vacuno flor<\/p>\n<p>Medidas: Alto de taco: 4,5 cm<\/p>\n","protected":false},"featured_media":94384,"template":"","meta":[],"product_brand":[480],"product_cat":[492,281,491,461],"product_tag":[112],"class_list":{"0":"post-94381","1":"product","2":"type-product","3":"status-publish","4":"has-post-thumbnail","6":"product_brand-jazmin-chebar","7":"product_cat-2x1","8":"product_cat-calzado","9":"product_cat-flash-market","10":"product_cat-todo-para-chebar","11":"product_tag-jazmin-chebar","13":"first","14":"instock","15":"sale","16":"shipping-taxable","17":"purchasable","18":"product-type-variable"},"_links":{"self":[{"href":"https:\/\/anacleta.com.ar\/es_es\/wp-json\/wp\/v2\/product\/94381","targetHints":{"allow":["GET"]}}],"collection":[{"href":"https:\/\/anacleta.com.ar\/es_es\/wp-json\/wp\/v2\/product"}],"about":[{"href":"https:\/\/anacleta.com.ar\/es_es\/wp-json\/wp\/v2\/types\/product"}],"wp:featuredmedia":[{"embeddable":true,"href":"https:\/\/anacleta.com.ar\/es_es\/wp-json\/wp\/v2\/media\/94384"}],"wp:attachment":[{"href":"https:\/\/anacleta.com.ar\/es_es\/wp-json\/wp\/v2\/media?parent=94381"}],"wp:term":[{"taxonomy":"product_brand","embeddable":true,"href":"https:\/\/anacleta.com.ar\/es_es\/wp-json\/wp\/v2\/product_brand?post=94381"},{"taxonomy":"product_cat","embeddable":true,"href":"https:\/\/anacleta.com.ar\/es_es\/wp-json\/wp\/v2\/product_cat?post=94381"},{"taxonomy":"product_tag","embeddable":true,"href":"https:\/\/anacleta.com.ar\/es_es\/wp-json\/wp\/v2\/product_tag?post=94381"}],"curies":[{"name":"wp","href":"https:\/\/api.w.org\/{rel}","templated":true}]}}