{"id":94389,"date":"2025-03-25T10:47:12","date_gmt":"2025-03-25T13:47:12","guid":{"rendered":"https:\/\/anacleta.com.ar\/?post_type=product&#038;p=94389"},"modified":"2025-12-04T13:04:55","modified_gmt":"2025-12-04T16:04:55","slug":"zapatilla-mumi","status":"publish","type":"product","link":"https:\/\/anacleta.com.ar\/es_es\/producto\/zapatilla-mumi\/","title":{"rendered":"Zapatilla Mumi"},"content":{"rendered":"","protected":false},"excerpt":{"rendered":"<p>Zapatilla Mumi acordonada realizada con cuero vacuno liso combinada con cuero vacuno descarne, aportando un mix de materialidades y texturas. Los laterales tienen bordado; por un lado el logo de la marca realizada en cuero, y por otro un detalle de pespuntes. Tanto la badana de tela que se encuentra en la leng\u00fceta, como las badanas de goma del tal\u00f3n, fueron dise\u00f1adas para esta colecci\u00f3n. El interior est\u00e1 forrado en cuero vacuno y la suela, con antideslizante, est\u00e1 realizada 100% en caucho.<\/p>\n<p>Composici\u00f3n: Capellada: 80% cuero vacuno flor 20% cuero vacuno descarne Forreria: 100% cuero vacuno flor Suela: 100% caucho<\/p>\n<p>Medidas: Alto: 3 cm<\/p>\n","protected":false},"featured_media":94394,"template":"","meta":[],"product_brand":[480],"product_cat":[281],"product_tag":[112],"class_list":{"0":"post-94389","1":"product","2":"type-product","3":"status-publish","4":"has-post-thumbnail","6":"product_brand-jazmin-chebar","7":"product_cat-calzado","8":"product_tag-jazmin-chebar","10":"first","11":"instock","12":"shipping-taxable","13":"purchasable","14":"product-type-variable"},"_links":{"self":[{"href":"https:\/\/anacleta.com.ar\/es_es\/wp-json\/wp\/v2\/product\/94389","targetHints":{"allow":["GET"]}}],"collection":[{"href":"https:\/\/anacleta.com.ar\/es_es\/wp-json\/wp\/v2\/product"}],"about":[{"href":"https:\/\/anacleta.com.ar\/es_es\/wp-json\/wp\/v2\/types\/product"}],"wp:featuredmedia":[{"embeddable":true,"href":"https:\/\/anacleta.com.ar\/es_es\/wp-json\/wp\/v2\/media\/94394"}],"wp:attachment":[{"href":"https:\/\/anacleta.com.ar\/es_es\/wp-json\/wp\/v2\/media?parent=94389"}],"wp:term":[{"taxonomy":"product_brand","embeddable":true,"href":"https:\/\/anacleta.com.ar\/es_es\/wp-json\/wp\/v2\/product_brand?post=94389"},{"taxonomy":"product_cat","embeddable":true,"href":"https:\/\/anacleta.com.ar\/es_es\/wp-json\/wp\/v2\/product_cat?post=94389"},{"taxonomy":"product_tag","embeddable":true,"href":"https:\/\/anacleta.com.ar\/es_es\/wp-json\/wp\/v2\/product_tag?post=94389"}],"curies":[{"name":"wp","href":"https:\/\/api.w.org\/{rel}","templated":true}]}}