{"id":94612,"date":"2025-03-28T10:42:55","date_gmt":"2025-03-28T13:42:55","guid":{"rendered":"https:\/\/anacleta.com.ar\/?post_type=product&#038;p=94612"},"modified":"2026-02-13T19:41:09","modified_gmt":"2026-02-13T22:41:09","slug":"vestido-goda-2","status":"publish","type":"product","link":"https:\/\/anacleta.com.ar\/es_es\/producto\/vestido-goda-2\/","title":{"rendered":"Vestido Goda"},"content":{"rendered":"","protected":false},"excerpt":{"rendered":"<p>Vestido corto en microtul foil elastizado. Reversible. De un lado tiene escote redondo a la base y del otro escote en U m\u00e1s profundo. Manga larga. Prenda con bajo porcentaje de estiramiento.<\/p>\n<p>*En fotos con top Tibetano y short Tibet (no inclu\u00eddos).<\/p>\n<p><strong>Composici\u00f3n:<\/strong>\u00a094% poli\u00e9ster 6% spandex.<\/p>\n<p><strong>Cuidados:<\/strong>\u00a0Lavar a mano con agua fr\u00eda. No usar lavarropas. No retorcer. No centrifugar. Plancha m\u00ednima del rev\u00e9s.<\/p>\n<p><strong>Referencia modelo:<\/strong>\u00a0Altura 1,80. Talle 1.<\/p>\n","protected":false},"featured_media":94616,"template":"","meta":[],"product_brand":[487],"product_cat":[492,475,130],"product_tag":[196],"class_list":{"0":"post-94612","1":"product","2":"type-product","3":"status-publish","4":"has-post-thumbnail","6":"product_brand-shibinda","7":"product_cat-2x1","8":"product_cat-hotsale","9":"product_cat-vestidos-y-faldas","10":"product_tag-shibinda","12":"first","13":"instock","14":"shipping-taxable","15":"purchasable","16":"product-type-variable"},"_links":{"self":[{"href":"https:\/\/anacleta.com.ar\/es_es\/wp-json\/wp\/v2\/product\/94612","targetHints":{"allow":["GET"]}}],"collection":[{"href":"https:\/\/anacleta.com.ar\/es_es\/wp-json\/wp\/v2\/product"}],"about":[{"href":"https:\/\/anacleta.com.ar\/es_es\/wp-json\/wp\/v2\/types\/product"}],"wp:featuredmedia":[{"embeddable":true,"href":"https:\/\/anacleta.com.ar\/es_es\/wp-json\/wp\/v2\/media\/94616"}],"wp:attachment":[{"href":"https:\/\/anacleta.com.ar\/es_es\/wp-json\/wp\/v2\/media?parent=94612"}],"wp:term":[{"taxonomy":"product_brand","embeddable":true,"href":"https:\/\/anacleta.com.ar\/es_es\/wp-json\/wp\/v2\/product_brand?post=94612"},{"taxonomy":"product_cat","embeddable":true,"href":"https:\/\/anacleta.com.ar\/es_es\/wp-json\/wp\/v2\/product_cat?post=94612"},{"taxonomy":"product_tag","embeddable":true,"href":"https:\/\/anacleta.com.ar\/es_es\/wp-json\/wp\/v2\/product_tag?post=94612"}],"curies":[{"name":"wp","href":"https:\/\/api.w.org\/{rel}","templated":true}]}}