{"id":94624,"date":"2025-03-28T10:49:18","date_gmt":"2025-03-28T13:49:18","guid":{"rendered":"https:\/\/anacleta.com.ar\/?post_type=product&#038;p=94624"},"modified":"2026-02-13T19:44:40","modified_gmt":"2026-02-13T22:44:40","slug":"remera-lola-2","status":"publish","type":"product","link":"https:\/\/anacleta.com.ar\/es_es\/producto\/remera-lola-2\/","title":{"rendered":"Remera Lola"},"content":{"rendered":"","protected":false},"excerpt":{"rendered":"<p>Remer\u00f3n de calce oversize tipo vestido, con cuello redondo en ribb a tono y manga corta. Posee estampa \u00fanica exclusiva de shibinda en el frente y esta confeccionada en jersey de algod\u00f3n.<\/p>\n<p><strong>Composici\u00f3n:<\/strong>\u00a0100% algod\u00f3n.<\/p>\n<p><strong>Cuidados:<\/strong>\u00a0Lavar a mano con agua fr\u00eda. No usar cloro. Usar jab\u00f3n suave. Lavar con colores similares. Secar a la sombra, no utilizar secadora. No planchar sobre la estampa.<\/p>\n<p><strong>*IMPORTANTE:<\/strong>\u00a0Esta prenda puede encoger entre 2 y 3 cm al momento del lavado.<\/p>\n<p><strong>Referencia modelo:<\/strong>\u00a0Altura 1,70. Talle 1.<\/p>\n","protected":false},"featured_media":94628,"template":"","meta":[],"product_brand":[487],"product_cat":[492,475,129],"product_tag":[196],"class_list":{"0":"post-94624","1":"product","2":"type-product","3":"status-publish","4":"has-post-thumbnail","6":"product_brand-shibinda","7":"product_cat-2x1","8":"product_cat-hotsale","9":"product_cat-remeras","10":"product_tag-shibinda","12":"first","13":"instock","14":"shipping-taxable","15":"purchasable","16":"product-type-variable"},"_links":{"self":[{"href":"https:\/\/anacleta.com.ar\/es_es\/wp-json\/wp\/v2\/product\/94624","targetHints":{"allow":["GET"]}}],"collection":[{"href":"https:\/\/anacleta.com.ar\/es_es\/wp-json\/wp\/v2\/product"}],"about":[{"href":"https:\/\/anacleta.com.ar\/es_es\/wp-json\/wp\/v2\/types\/product"}],"wp:featuredmedia":[{"embeddable":true,"href":"https:\/\/anacleta.com.ar\/es_es\/wp-json\/wp\/v2\/media\/94628"}],"wp:attachment":[{"href":"https:\/\/anacleta.com.ar\/es_es\/wp-json\/wp\/v2\/media?parent=94624"}],"wp:term":[{"taxonomy":"product_brand","embeddable":true,"href":"https:\/\/anacleta.com.ar\/es_es\/wp-json\/wp\/v2\/product_brand?post=94624"},{"taxonomy":"product_cat","embeddable":true,"href":"https:\/\/anacleta.com.ar\/es_es\/wp-json\/wp\/v2\/product_cat?post=94624"},{"taxonomy":"product_tag","embeddable":true,"href":"https:\/\/anacleta.com.ar\/es_es\/wp-json\/wp\/v2\/product_tag?post=94624"}],"curies":[{"name":"wp","href":"https:\/\/api.w.org\/{rel}","templated":true}]}}