{"id":94644,"date":"2025-03-28T10:58:32","date_gmt":"2025-03-28T13:58:32","guid":{"rendered":"https:\/\/anacleta.com.ar\/?post_type=product&#038;p=94644"},"modified":"2026-02-06T19:04:54","modified_gmt":"2026-02-06T22:04:54","slug":"body-gaya","status":"publish","type":"product","link":"https:\/\/anacleta.com.ar\/es_es\/producto\/body-gaya\/","title":{"rendered":"Body Gaya"},"content":{"rendered":"","protected":false},"excerpt":{"rendered":"<p>Body de encaje elastizado de manga larga con cuello polera y acceso con botones y ojal. Tiene puntillas en terminaciones, broches corseteros regulables en tiro. Porcentaje de estiramiento medio. Es transl\u00facido.<\/p>\n<p><strong>Composici\u00f3n:<\/strong>\u00a092% nylon, 8% spandex.<\/p>\n<p><strong>Cuidados:\u00a0<\/strong>Textil delicado, no rozar con otras superficies. Cuidar que no se enganche. Lavar a mano con agua fr\u00eda. Usar jab\u00f3n neutro. Planchar \u00fanicamente con vapor. Secar a la sombra.<\/p>\n<p><strong>Referencia modelo:\u00a0<\/strong><strong>Modelo 1<\/strong>: Altura 1,80. Talle 1.<\/p>\n","protected":false},"featured_media":94649,"template":"","meta":[],"product_brand":[487],"product_cat":[255],"product_tag":[196],"class_list":{"0":"post-94644","1":"product","2":"type-product","3":"status-publish","4":"has-post-thumbnail","6":"product_brand-shibinda","7":"product_cat-body","8":"product_tag-shibinda","10":"first","11":"instock","12":"shipping-taxable","13":"purchasable","14":"product-type-variable"},"_links":{"self":[{"href":"https:\/\/anacleta.com.ar\/es_es\/wp-json\/wp\/v2\/product\/94644","targetHints":{"allow":["GET"]}}],"collection":[{"href":"https:\/\/anacleta.com.ar\/es_es\/wp-json\/wp\/v2\/product"}],"about":[{"href":"https:\/\/anacleta.com.ar\/es_es\/wp-json\/wp\/v2\/types\/product"}],"wp:featuredmedia":[{"embeddable":true,"href":"https:\/\/anacleta.com.ar\/es_es\/wp-json\/wp\/v2\/media\/94649"}],"wp:attachment":[{"href":"https:\/\/anacleta.com.ar\/es_es\/wp-json\/wp\/v2\/media?parent=94644"}],"wp:term":[{"taxonomy":"product_brand","embeddable":true,"href":"https:\/\/anacleta.com.ar\/es_es\/wp-json\/wp\/v2\/product_brand?post=94644"},{"taxonomy":"product_cat","embeddable":true,"href":"https:\/\/anacleta.com.ar\/es_es\/wp-json\/wp\/v2\/product_cat?post=94644"},{"taxonomy":"product_tag","embeddable":true,"href":"https:\/\/anacleta.com.ar\/es_es\/wp-json\/wp\/v2\/product_tag?post=94644"}],"curies":[{"name":"wp","href":"https:\/\/api.w.org\/{rel}","templated":true}]}}