{"id":94650,"date":"2025-03-28T11:02:31","date_gmt":"2025-03-28T14:02:31","guid":{"rendered":"https:\/\/anacleta.com.ar\/?post_type=product&#038;p=94650"},"modified":"2026-02-06T19:04:48","modified_gmt":"2026-02-06T22:04:48","slug":"body-pali","status":"publish","type":"product","link":"https:\/\/anacleta.com.ar\/es_es\/producto\/body-pali\/","title":{"rendered":"Body Pali"},"content":{"rendered":"","protected":false},"excerpt":{"rendered":"<p>Body reversible con breteles el\u00e1sticos. De un lado escote recto y del otro escote V. \u00cdntegramente forrado. Confeccionado en microfibra. Acceso con broche corseteros regulables en tiro. Porcentaje de estiramiento medio.<\/p>\n<p><strong>Composici\u00f3n:<\/strong>\u00a088% poli\u00e9ster , 12% spandex.<\/p>\n<p><strong>Cuidados:\u00a0<\/strong>Prenda delicada, no rozar con otras superficies. Cuidar que no se enganche. Lavar a mano con agua fr\u00eda. No dejar en remojo. No centrifugar. No usar cloro. Usar jab\u00f3n neutro. Planchar \u00fanicamente con vapor. Secar a la sombra.<\/p>\n","protected":false},"featured_media":94653,"template":"","meta":[],"product_brand":[487],"product_cat":[255],"product_tag":[196],"class_list":{"0":"post-94650","1":"product","2":"type-product","3":"status-publish","4":"has-post-thumbnail","6":"product_brand-shibinda","7":"product_cat-body","8":"product_tag-shibinda","10":"first","11":"instock","12":"shipping-taxable","13":"purchasable","14":"product-type-variable"},"_links":{"self":[{"href":"https:\/\/anacleta.com.ar\/es_es\/wp-json\/wp\/v2\/product\/94650","targetHints":{"allow":["GET"]}}],"collection":[{"href":"https:\/\/anacleta.com.ar\/es_es\/wp-json\/wp\/v2\/product"}],"about":[{"href":"https:\/\/anacleta.com.ar\/es_es\/wp-json\/wp\/v2\/types\/product"}],"wp:featuredmedia":[{"embeddable":true,"href":"https:\/\/anacleta.com.ar\/es_es\/wp-json\/wp\/v2\/media\/94653"}],"wp:attachment":[{"href":"https:\/\/anacleta.com.ar\/es_es\/wp-json\/wp\/v2\/media?parent=94650"}],"wp:term":[{"taxonomy":"product_brand","embeddable":true,"href":"https:\/\/anacleta.com.ar\/es_es\/wp-json\/wp\/v2\/product_brand?post=94650"},{"taxonomy":"product_cat","embeddable":true,"href":"https:\/\/anacleta.com.ar\/es_es\/wp-json\/wp\/v2\/product_cat?post=94650"},{"taxonomy":"product_tag","embeddable":true,"href":"https:\/\/anacleta.com.ar\/es_es\/wp-json\/wp\/v2\/product_tag?post=94650"}],"curies":[{"name":"wp","href":"https:\/\/api.w.org\/{rel}","templated":true}]}}