{"id":94664,"date":"2025-03-28T11:10:02","date_gmt":"2025-03-28T14:10:02","guid":{"rendered":"https:\/\/anacleta.com.ar\/?post_type=product&#038;p=94664"},"modified":"2026-02-13T19:44:47","modified_gmt":"2026-02-13T22:44:47","slug":"body-malek-2","status":"publish","type":"product","link":"https:\/\/anacleta.com.ar\/es_es\/producto\/body-malek-2\/","title":{"rendered":"Body Malek"},"content":{"rendered":"","protected":false},"excerpt":{"rendered":"<p>Body manga corta de ribb gamuzado. Calce slim, cuello redondo. Acceso mediante ganchos corseteros en tiro. Alto porcentaje de estiramiento.<\/p>\n<p><strong>Composici\u00f3n:\u00a0<\/strong>64% modal, 36% poli\u00e9ster.<\/p>\n<p><strong>Cuidados:<\/strong>\u00a0Lavar a mano con agua fr\u00eda y jab\u00f3n neutro. No centrifugar. No usar lej\u00eda. Plancha m\u00ednima del rev\u00e9s.<\/p>\n<p><strong>Referencia modelo:<\/strong>\u00a0Altura 1,70. Talle 1.<\/p>\n","protected":false},"featured_media":94668,"template":"","meta":[],"product_brand":[487],"product_cat":[492,255,475],"product_tag":[196],"class_list":{"0":"post-94664","1":"product","2":"type-product","3":"status-publish","4":"has-post-thumbnail","6":"product_brand-shibinda","7":"product_cat-2x1","8":"product_cat-body","9":"product_cat-hotsale","10":"product_tag-shibinda","12":"first","13":"instock","14":"shipping-taxable","15":"purchasable","16":"product-type-variable"},"_links":{"self":[{"href":"https:\/\/anacleta.com.ar\/es_es\/wp-json\/wp\/v2\/product\/94664","targetHints":{"allow":["GET"]}}],"collection":[{"href":"https:\/\/anacleta.com.ar\/es_es\/wp-json\/wp\/v2\/product"}],"about":[{"href":"https:\/\/anacleta.com.ar\/es_es\/wp-json\/wp\/v2\/types\/product"}],"wp:featuredmedia":[{"embeddable":true,"href":"https:\/\/anacleta.com.ar\/es_es\/wp-json\/wp\/v2\/media\/94668"}],"wp:attachment":[{"href":"https:\/\/anacleta.com.ar\/es_es\/wp-json\/wp\/v2\/media?parent=94664"}],"wp:term":[{"taxonomy":"product_brand","embeddable":true,"href":"https:\/\/anacleta.com.ar\/es_es\/wp-json\/wp\/v2\/product_brand?post=94664"},{"taxonomy":"product_cat","embeddable":true,"href":"https:\/\/anacleta.com.ar\/es_es\/wp-json\/wp\/v2\/product_cat?post=94664"},{"taxonomy":"product_tag","embeddable":true,"href":"https:\/\/anacleta.com.ar\/es_es\/wp-json\/wp\/v2\/product_tag?post=94664"}],"curies":[{"name":"wp","href":"https:\/\/api.w.org\/{rel}","templated":true}]}}