{"id":94734,"date":"2025-03-28T18:48:26","date_gmt":"2025-03-28T21:48:26","guid":{"rendered":"https:\/\/anacleta.com.ar\/?post_type=product&#038;p=94734"},"modified":"2026-02-13T19:45:02","modified_gmt":"2026-02-13T22:45:02","slug":"jogger-broadway","status":"publish","type":"product","link":"https:\/\/anacleta.com.ar\/es_es\/producto\/jogger-broadway\/","title":{"rendered":"Jogger Broadway"},"content":{"rendered":"","protected":false},"excerpt":{"rendered":"<p>El Jogger Broadway est\u00e1 confeccionado en r\u00fastico con recortes en dos estampas exclusivas de nuestra colecci\u00f3n Manhattan Invierno 25&#8242;. Tiene el\u00e1stico en la cintura y lazos con terminales met\u00e1licas, ofrece un ajuste perfecto y c\u00f3modo. Bolsillos en los laterales forrados. Este jogger no s\u00f3lo te ofrece comodidad, sino tambi\u00e9n estar canchera para tus d\u00edas de invierno. Esta prenda hace juego con el Buzo Broadway.<\/p>\n<p>Composici\u00f3n: 100% Poli\u00e9ster.<\/p>\n","protected":false},"featured_media":94740,"template":"","meta":[],"product_brand":[486],"product_cat":[492,475,134],"product_tag":[384],"class_list":{"0":"post-94734","1":"product","2":"type-product","3":"status-publish","4":"has-post-thumbnail","6":"product_brand-paz-cornu","7":"product_cat-2x1","8":"product_cat-hotsale","9":"product_cat-pantalones","10":"product_tag-paz-cornu","12":"first","13":"instock","14":"shipping-taxable","15":"purchasable","16":"product-type-variable"},"_links":{"self":[{"href":"https:\/\/anacleta.com.ar\/es_es\/wp-json\/wp\/v2\/product\/94734","targetHints":{"allow":["GET"]}}],"collection":[{"href":"https:\/\/anacleta.com.ar\/es_es\/wp-json\/wp\/v2\/product"}],"about":[{"href":"https:\/\/anacleta.com.ar\/es_es\/wp-json\/wp\/v2\/types\/product"}],"wp:featuredmedia":[{"embeddable":true,"href":"https:\/\/anacleta.com.ar\/es_es\/wp-json\/wp\/v2\/media\/94740"}],"wp:attachment":[{"href":"https:\/\/anacleta.com.ar\/es_es\/wp-json\/wp\/v2\/media?parent=94734"}],"wp:term":[{"taxonomy":"product_brand","embeddable":true,"href":"https:\/\/anacleta.com.ar\/es_es\/wp-json\/wp\/v2\/product_brand?post=94734"},{"taxonomy":"product_cat","embeddable":true,"href":"https:\/\/anacleta.com.ar\/es_es\/wp-json\/wp\/v2\/product_cat?post=94734"},{"taxonomy":"product_tag","embeddable":true,"href":"https:\/\/anacleta.com.ar\/es_es\/wp-json\/wp\/v2\/product_tag?post=94734"}],"curies":[{"name":"wp","href":"https:\/\/api.w.org\/{rel}","templated":true}]}}