{"id":95257,"date":"2025-04-03T20:23:27","date_gmt":"2025-04-03T23:23:27","guid":{"rendered":"https:\/\/anacleta.com.ar\/?post_type=product&#038;p=95257"},"modified":"2025-12-04T12:59:40","modified_gmt":"2025-12-04T15:59:40","slug":"jeans-icon-color-2","status":"publish","type":"product","link":"https:\/\/anacleta.com.ar\/es_es\/producto\/jeans-icon-color-2\/","title":{"rendered":"Jeans Icon Color"},"content":{"rendered":"","protected":false},"excerpt":{"rendered":"<p>Jeans Icon Color de tiro medio-largo. La pierna se va ensanchando sutilmente y termina en un ruedo ancho que hace que tenga peso y caiga mejor la tela. El tejido es una gabardina sin lycra te\u00f1ida en prenda en diferentes colores.<\/p>\n<p>Composici\u00f3n: El calce qued\u00f3 grande en cintura y cadera; comprar un talle m\u00e1s chico.<\/p>\n<p>Referencia modelo Sofia :Altura 1,72 Talle: 24<\/p>\n","protected":false},"featured_media":95261,"template":"","meta":[],"product_brand":[480],"product_cat":[126,134],"product_tag":[112],"class_list":{"0":"post-95257","1":"product","2":"type-product","3":"status-publish","4":"has-post-thumbnail","6":"product_brand-jazmin-chebar","7":"product_cat-denim","8":"product_cat-pantalones","9":"product_tag-jazmin-chebar","11":"first","12":"instock","13":"shipping-taxable","14":"purchasable","15":"product-type-variable"},"_links":{"self":[{"href":"https:\/\/anacleta.com.ar\/es_es\/wp-json\/wp\/v2\/product\/95257","targetHints":{"allow":["GET"]}}],"collection":[{"href":"https:\/\/anacleta.com.ar\/es_es\/wp-json\/wp\/v2\/product"}],"about":[{"href":"https:\/\/anacleta.com.ar\/es_es\/wp-json\/wp\/v2\/types\/product"}],"wp:featuredmedia":[{"embeddable":true,"href":"https:\/\/anacleta.com.ar\/es_es\/wp-json\/wp\/v2\/media\/95261"}],"wp:attachment":[{"href":"https:\/\/anacleta.com.ar\/es_es\/wp-json\/wp\/v2\/media?parent=95257"}],"wp:term":[{"taxonomy":"product_brand","embeddable":true,"href":"https:\/\/anacleta.com.ar\/es_es\/wp-json\/wp\/v2\/product_brand?post=95257"},{"taxonomy":"product_cat","embeddable":true,"href":"https:\/\/anacleta.com.ar\/es_es\/wp-json\/wp\/v2\/product_cat?post=95257"},{"taxonomy":"product_tag","embeddable":true,"href":"https:\/\/anacleta.com.ar\/es_es\/wp-json\/wp\/v2\/product_tag?post=95257"}],"curies":[{"name":"wp","href":"https:\/\/api.w.org\/{rel}","templated":true}]}}