{"id":95277,"date":"2025-04-03T20:33:07","date_gmt":"2025-04-03T23:33:07","guid":{"rendered":"https:\/\/anacleta.com.ar\/?post_type=product&#038;p=95277"},"modified":"2026-02-13T19:15:26","modified_gmt":"2026-02-13T22:15:26","slug":"top-amapola","status":"publish","type":"product","link":"https:\/\/anacleta.com.ar\/es_es\/producto\/top-amapola\/","title":{"rendered":"Top Amapola"},"content":{"rendered":"","protected":false},"excerpt":{"rendered":"<p>Top Amapola corto con estampa dise\u00f1ada exclusivamente para esta colecci\u00f3n. Lleva mangas con volumen, tajos laterales en cuerpo y bot\u00f3n dorado personalizado en escote espalda.<\/p>\n<p>Composici\u00f3n: 100 % Algod\u00f3n<\/p>\n<p>Referencia modelo Sasha: Altura 1,72 Talle: 1<\/p>\n","protected":false},"featured_media":95279,"template":"","meta":[],"product_brand":[480],"product_cat":[492,491,461,181],"product_tag":[112],"class_list":{"0":"post-95277","1":"product","2":"type-product","3":"status-publish","4":"has-post-thumbnail","6":"product_brand-jazmin-chebar","7":"product_cat-2x1","8":"product_cat-flash-market","9":"product_cat-todo-para-chebar","10":"product_cat-tops","11":"product_tag-jazmin-chebar","13":"first","14":"instock","15":"shipping-taxable","16":"purchasable","17":"product-type-variable"},"_links":{"self":[{"href":"https:\/\/anacleta.com.ar\/es_es\/wp-json\/wp\/v2\/product\/95277","targetHints":{"allow":["GET"]}}],"collection":[{"href":"https:\/\/anacleta.com.ar\/es_es\/wp-json\/wp\/v2\/product"}],"about":[{"href":"https:\/\/anacleta.com.ar\/es_es\/wp-json\/wp\/v2\/types\/product"}],"wp:featuredmedia":[{"embeddable":true,"href":"https:\/\/anacleta.com.ar\/es_es\/wp-json\/wp\/v2\/media\/95279"}],"wp:attachment":[{"href":"https:\/\/anacleta.com.ar\/es_es\/wp-json\/wp\/v2\/media?parent=95277"}],"wp:term":[{"taxonomy":"product_brand","embeddable":true,"href":"https:\/\/anacleta.com.ar\/es_es\/wp-json\/wp\/v2\/product_brand?post=95277"},{"taxonomy":"product_cat","embeddable":true,"href":"https:\/\/anacleta.com.ar\/es_es\/wp-json\/wp\/v2\/product_cat?post=95277"},{"taxonomy":"product_tag","embeddable":true,"href":"https:\/\/anacleta.com.ar\/es_es\/wp-json\/wp\/v2\/product_tag?post=95277"}],"curies":[{"name":"wp","href":"https:\/\/api.w.org\/{rel}","templated":true}]}}