{"id":95428,"date":"2025-04-04T12:48:08","date_gmt":"2025-04-04T15:48:08","guid":{"rendered":"https:\/\/anacleta.com.ar\/?post_type=product&#038;p=95428"},"modified":"2026-02-13T19:17:01","modified_gmt":"2026-02-13T22:17:01","slug":"bota-stone","status":"publish","type":"product","link":"https:\/\/anacleta.com.ar\/es_es\/producto\/bota-stone\/","title":{"rendered":"Bota Stone"},"content":{"rendered":"","protected":false},"excerpt":{"rendered":"<p>Bota Stone de ca\u00f1a alta realizada en cuero vacuno con un efecto desgastado. Sobre el empeine lleva a modo ornamental un juego de hebillas met\u00e1licas dise\u00f1adas exclusivamente para esta colecci\u00f3n. El interior est\u00e1 forrado en cuero vacuno.<\/p>\n<p>Composici\u00f3n: Capellada: 100% cuero vacuno flor Forreria: 100% cuero vacuno flor Suela: 60% eva 30% cuero vacuno flor 10% madera<\/p>\n<p>Medidas: Alto de taco: 4 cm<\/p>\n","protected":false},"featured_media":95433,"template":"","meta":[],"product_brand":[480],"product_cat":[492,281,491,461],"product_tag":[112],"class_list":{"0":"post-95428","1":"product","2":"type-product","3":"status-publish","4":"has-post-thumbnail","6":"product_brand-jazmin-chebar","7":"product_cat-2x1","8":"product_cat-calzado","9":"product_cat-flash-market","10":"product_cat-todo-para-chebar","11":"product_tag-jazmin-chebar","13":"first","14":"instock","15":"shipping-taxable","16":"purchasable","17":"product-type-variable"},"_links":{"self":[{"href":"https:\/\/anacleta.com.ar\/es_es\/wp-json\/wp\/v2\/product\/95428","targetHints":{"allow":["GET"]}}],"collection":[{"href":"https:\/\/anacleta.com.ar\/es_es\/wp-json\/wp\/v2\/product"}],"about":[{"href":"https:\/\/anacleta.com.ar\/es_es\/wp-json\/wp\/v2\/types\/product"}],"wp:featuredmedia":[{"embeddable":true,"href":"https:\/\/anacleta.com.ar\/es_es\/wp-json\/wp\/v2\/media\/95433"}],"wp:attachment":[{"href":"https:\/\/anacleta.com.ar\/es_es\/wp-json\/wp\/v2\/media?parent=95428"}],"wp:term":[{"taxonomy":"product_brand","embeddable":true,"href":"https:\/\/anacleta.com.ar\/es_es\/wp-json\/wp\/v2\/product_brand?post=95428"},{"taxonomy":"product_cat","embeddable":true,"href":"https:\/\/anacleta.com.ar\/es_es\/wp-json\/wp\/v2\/product_cat?post=95428"},{"taxonomy":"product_tag","embeddable":true,"href":"https:\/\/anacleta.com.ar\/es_es\/wp-json\/wp\/v2\/product_tag?post=95428"}],"curies":[{"name":"wp","href":"https:\/\/api.w.org\/{rel}","templated":true}]}}