{"id":95439,"date":"2025-04-04T12:58:09","date_gmt":"2025-04-04T15:58:09","guid":{"rendered":"https:\/\/anacleta.com.ar\/?post_type=product&#038;p=95439"},"modified":"2025-12-18T11:53:12","modified_gmt":"2025-12-18T14:53:12","slug":"zapatilla-alex","status":"publish","type":"product","link":"https:\/\/anacleta.com.ar\/es_es\/producto\/zapatilla-alex\/","title":{"rendered":"Zapatilla Alex"},"content":{"rendered":"","protected":false},"excerpt":{"rendered":"<p>Zapatilla Antonia acordonada ca\u00f1a alta realizada en pelo vacuno con estampa animal print. En la parte trasera lleva una cinta tejida \u00abjazmin\u00bb, en uno de los laterales lleva un aplique met\u00e1lico \u00abheart\u00bb y una bandana de goma en la leng\u00fceta, todos estos detalles ornamentales fueron dise\u00f1ados exclusivamente para esta colecci\u00f3n. El interior de est\u00e1 zapatilla est\u00e1 forrado en tejido de algod\u00f3n y la plantilla, del mismo material, tiene un print que fue desarrollado para este producto.<\/p>\n<p>Composici\u00f3n: Capellada: 100% pelo vacuno Forreria: 100% algod\u00f3n Suela: 100% caucho<\/p>\n<p>Medidas: Alto: 3 cm<\/p>\n","protected":false},"featured_media":95445,"template":"","meta":[],"product_brand":[480],"product_cat":[281],"product_tag":[112],"class_list":{"0":"post-95439","1":"product","2":"type-product","3":"status-publish","4":"has-post-thumbnail","6":"product_brand-jazmin-chebar","7":"product_cat-calzado","8":"product_tag-jazmin-chebar","10":"first","11":"instock","12":"shipping-taxable","13":"purchasable","14":"product-type-variable"},"_links":{"self":[{"href":"https:\/\/anacleta.com.ar\/es_es\/wp-json\/wp\/v2\/product\/95439","targetHints":{"allow":["GET"]}}],"collection":[{"href":"https:\/\/anacleta.com.ar\/es_es\/wp-json\/wp\/v2\/product"}],"about":[{"href":"https:\/\/anacleta.com.ar\/es_es\/wp-json\/wp\/v2\/types\/product"}],"wp:featuredmedia":[{"embeddable":true,"href":"https:\/\/anacleta.com.ar\/es_es\/wp-json\/wp\/v2\/media\/95445"}],"wp:attachment":[{"href":"https:\/\/anacleta.com.ar\/es_es\/wp-json\/wp\/v2\/media?parent=95439"}],"wp:term":[{"taxonomy":"product_brand","embeddable":true,"href":"https:\/\/anacleta.com.ar\/es_es\/wp-json\/wp\/v2\/product_brand?post=95439"},{"taxonomy":"product_cat","embeddable":true,"href":"https:\/\/anacleta.com.ar\/es_es\/wp-json\/wp\/v2\/product_cat?post=95439"},{"taxonomy":"product_tag","embeddable":true,"href":"https:\/\/anacleta.com.ar\/es_es\/wp-json\/wp\/v2\/product_tag?post=95439"}],"curies":[{"name":"wp","href":"https:\/\/api.w.org\/{rel}","templated":true}]}}