{"id":95720,"date":"2025-04-10T20:02:18","date_gmt":"2025-04-10T23:02:18","guid":{"rendered":"https:\/\/anacleta.com.ar\/?post_type=product&#038;p=95720"},"modified":"2025-04-10T20:02:18","modified_gmt":"2025-04-10T23:02:18","slug":"chaleco-peacoat","status":"publish","type":"product","link":"https:\/\/anacleta.com.ar\/es_es\/producto\/chaleco-peacoat\/","title":{"rendered":"Chaleco Peacoat"},"content":{"rendered":"","protected":false},"excerpt":{"rendered":"<p>Espectacular chaleco de cuello redondo acanalado y manga apenas ca\u00edda. Modelo liso con terminaci\u00f3n ancha y acanalada, largo a la cintura de pantal\u00f3n.<\/p>\n","protected":false},"featured_media":95724,"template":"","meta":[],"product_brand":[],"product_cat":[146],"product_tag":[117],"class_list":{"0":"post-95720","1":"product","2":"type-product","3":"status-publish","4":"has-post-thumbnail","6":"product_cat-sweaters","7":"product_tag-mirta-armesto","9":"first","10":"instock","11":"shipping-taxable","12":"purchasable","13":"product-type-variable"},"_links":{"self":[{"href":"https:\/\/anacleta.com.ar\/es_es\/wp-json\/wp\/v2\/product\/95720","targetHints":{"allow":["GET"]}}],"collection":[{"href":"https:\/\/anacleta.com.ar\/es_es\/wp-json\/wp\/v2\/product"}],"about":[{"href":"https:\/\/anacleta.com.ar\/es_es\/wp-json\/wp\/v2\/types\/product"}],"wp:featuredmedia":[{"embeddable":true,"href":"https:\/\/anacleta.com.ar\/es_es\/wp-json\/wp\/v2\/media\/95724"}],"wp:attachment":[{"href":"https:\/\/anacleta.com.ar\/es_es\/wp-json\/wp\/v2\/media?parent=95720"}],"wp:term":[{"taxonomy":"product_brand","embeddable":true,"href":"https:\/\/anacleta.com.ar\/es_es\/wp-json\/wp\/v2\/product_brand?post=95720"},{"taxonomy":"product_cat","embeddable":true,"href":"https:\/\/anacleta.com.ar\/es_es\/wp-json\/wp\/v2\/product_cat?post=95720"},{"taxonomy":"product_tag","embeddable":true,"href":"https:\/\/anacleta.com.ar\/es_es\/wp-json\/wp\/v2\/product_tag?post=95720"}],"curies":[{"name":"wp","href":"https:\/\/api.w.org\/{rel}","templated":true}]}}