{"id":95727,"date":"2025-04-10T20:06:33","date_gmt":"2025-04-10T23:06:33","guid":{"rendered":"https:\/\/anacleta.com.ar\/?post_type=product&#038;p=95727"},"modified":"2025-08-28T18:53:19","modified_gmt":"2025-08-28T21:53:19","slug":"buzo-geranium","status":"publish","type":"product","link":"https:\/\/anacleta.com.ar\/es_es\/producto\/buzo-geranium\/","title":{"rendered":"Buzo Geranium"},"content":{"rendered":"","protected":false},"excerpt":{"rendered":"<p>Buzo de manga ca\u00edda y largo por debajo de cintura de pantal\u00f3n. Corte tipo cuadrado y suelto con cuello redondo. Terminaciones con pu\u00f1o. Detalle de strass combinado en distintas formas, espectacular para usarlo en conjunto con el pantal\u00f3n.<\/p>\n","protected":false},"featured_media":95733,"template":"","meta":[],"product_brand":[],"product_cat":[150],"product_tag":[117],"class_list":{"0":"post-95727","1":"product","2":"type-product","3":"status-publish","4":"has-post-thumbnail","6":"product_cat-buzos","7":"product_tag-mirta-armesto","9":"first","10":"instock","11":"shipping-taxable","12":"purchasable","13":"product-type-variable"},"_links":{"self":[{"href":"https:\/\/anacleta.com.ar\/es_es\/wp-json\/wp\/v2\/product\/95727","targetHints":{"allow":["GET"]}}],"collection":[{"href":"https:\/\/anacleta.com.ar\/es_es\/wp-json\/wp\/v2\/product"}],"about":[{"href":"https:\/\/anacleta.com.ar\/es_es\/wp-json\/wp\/v2\/types\/product"}],"wp:featuredmedia":[{"embeddable":true,"href":"https:\/\/anacleta.com.ar\/es_es\/wp-json\/wp\/v2\/media\/95733"}],"wp:attachment":[{"href":"https:\/\/anacleta.com.ar\/es_es\/wp-json\/wp\/v2\/media?parent=95727"}],"wp:term":[{"taxonomy":"product_brand","embeddable":true,"href":"https:\/\/anacleta.com.ar\/es_es\/wp-json\/wp\/v2\/product_brand?post=95727"},{"taxonomy":"product_cat","embeddable":true,"href":"https:\/\/anacleta.com.ar\/es_es\/wp-json\/wp\/v2\/product_cat?post=95727"},{"taxonomy":"product_tag","embeddable":true,"href":"https:\/\/anacleta.com.ar\/es_es\/wp-json\/wp\/v2\/product_tag?post=95727"}],"curies":[{"name":"wp","href":"https:\/\/api.w.org\/{rel}","templated":true}]}}