{"id":95740,"date":"2025-04-11T17:56:19","date_gmt":"2025-04-11T20:56:19","guid":{"rendered":"https:\/\/anacleta.com.ar\/?post_type=product&#038;p=95740"},"modified":"2026-02-13T19:45:50","modified_gmt":"2026-02-13T22:45:50","slug":"blazer-louise","status":"publish","type":"product","link":"https:\/\/anacleta.com.ar\/es_es\/producto\/blazer-louise\/","title":{"rendered":"Blazer Louise"},"content":{"rendered":"","protected":false},"excerpt":{"rendered":"<p>Blazer de terciopelo tipo frac, con solapa en cuero, forrado con forrer\u00eda personalizada. Bordado a mano con estrellas. Es un blazer exclusivamente de ocasi\u00f3n de uso nocturno; en caso de usarlo de d\u00eda, se piensa como una tercera piel formal.<br \/>\n<em>Referencia modelo: Altura 1,74 Talle 1<\/em><\/p>\n","protected":false},"featured_media":95742,"template":"","meta":[],"product_brand":[481],"product_cat":[492,477,491,475],"product_tag":[111],"class_list":{"0":"post-95740","1":"product","2":"type-product","3":"status-publish","4":"has-post-thumbnail","6":"product_brand-ginebra","7":"product_cat-2x1","8":"product_cat-blazer","9":"product_cat-flash-market","10":"product_cat-hotsale","11":"product_tag-ginebra","13":"first","14":"instock","15":"shipping-taxable","16":"purchasable","17":"product-type-variable"},"_links":{"self":[{"href":"https:\/\/anacleta.com.ar\/es_es\/wp-json\/wp\/v2\/product\/95740","targetHints":{"allow":["GET"]}}],"collection":[{"href":"https:\/\/anacleta.com.ar\/es_es\/wp-json\/wp\/v2\/product"}],"about":[{"href":"https:\/\/anacleta.com.ar\/es_es\/wp-json\/wp\/v2\/types\/product"}],"wp:featuredmedia":[{"embeddable":true,"href":"https:\/\/anacleta.com.ar\/es_es\/wp-json\/wp\/v2\/media\/95742"}],"wp:attachment":[{"href":"https:\/\/anacleta.com.ar\/es_es\/wp-json\/wp\/v2\/media?parent=95740"}],"wp:term":[{"taxonomy":"product_brand","embeddable":true,"href":"https:\/\/anacleta.com.ar\/es_es\/wp-json\/wp\/v2\/product_brand?post=95740"},{"taxonomy":"product_cat","embeddable":true,"href":"https:\/\/anacleta.com.ar\/es_es\/wp-json\/wp\/v2\/product_cat?post=95740"},{"taxonomy":"product_tag","embeddable":true,"href":"https:\/\/anacleta.com.ar\/es_es\/wp-json\/wp\/v2\/product_tag?post=95740"}],"curies":[{"name":"wp","href":"https:\/\/api.w.org\/{rel}","templated":true}]}}