{"id":95747,"date":"2025-04-11T17:59:25","date_gmt":"2025-04-11T20:59:25","guid":{"rendered":"https:\/\/anacleta.com.ar\/?post_type=product&#038;p=95747"},"modified":"2026-04-11T12:48:44","modified_gmt":"2026-04-11T15:48:44","slug":"blazer-greco","status":"publish","type":"product","link":"https:\/\/anacleta.com.ar\/es_es\/producto\/blazer-greco\/","title":{"rendered":"Blazer Greco"},"content":{"rendered":"","protected":false},"excerpt":{"rendered":"<p>Blazer de sarga sastrera, cruce derecho con un solo bot\u00f3n, con bolsillos con tapa en frente, tiene forrer\u00eda personalizada. Es un blazer que puede combinarse con prendas cl\u00e1sicas para un look de oficina o con prendas nocheras para un look elegante de noche.<br \/>\n<em>Referencia modelo:\u00a0Altura 1,77 Talle 1<\/em><\/p>\n","protected":false},"featured_media":95751,"template":"","meta":[],"product_brand":[481],"product_cat":[477],"product_tag":[111],"class_list":{"0":"post-95747","1":"product","2":"type-product","3":"status-publish","4":"has-post-thumbnail","6":"product_brand-ginebra","7":"product_cat-blazer","8":"product_tag-ginebra","10":"first","11":"instock","12":"shipping-taxable","13":"purchasable","14":"product-type-variable"},"_links":{"self":[{"href":"https:\/\/anacleta.com.ar\/es_es\/wp-json\/wp\/v2\/product\/95747","targetHints":{"allow":["GET"]}}],"collection":[{"href":"https:\/\/anacleta.com.ar\/es_es\/wp-json\/wp\/v2\/product"}],"about":[{"href":"https:\/\/anacleta.com.ar\/es_es\/wp-json\/wp\/v2\/types\/product"}],"wp:featuredmedia":[{"embeddable":true,"href":"https:\/\/anacleta.com.ar\/es_es\/wp-json\/wp\/v2\/media\/95751"}],"wp:attachment":[{"href":"https:\/\/anacleta.com.ar\/es_es\/wp-json\/wp\/v2\/media?parent=95747"}],"wp:term":[{"taxonomy":"product_brand","embeddable":true,"href":"https:\/\/anacleta.com.ar\/es_es\/wp-json\/wp\/v2\/product_brand?post=95747"},{"taxonomy":"product_cat","embeddable":true,"href":"https:\/\/anacleta.com.ar\/es_es\/wp-json\/wp\/v2\/product_cat?post=95747"},{"taxonomy":"product_tag","embeddable":true,"href":"https:\/\/anacleta.com.ar\/es_es\/wp-json\/wp\/v2\/product_tag?post=95747"}],"curies":[{"name":"wp","href":"https:\/\/api.w.org\/{rel}","templated":true}]}}