{"id":95821,"date":"2025-04-11T18:43:51","date_gmt":"2025-04-11T21:43:51","guid":{"rendered":"https:\/\/anacleta.com.ar\/?post_type=product&#038;p=95821"},"modified":"2025-12-03T19:20:56","modified_gmt":"2025-12-03T22:20:56","slug":"campera-pietro","status":"publish","type":"product","link":"https:\/\/anacleta.com.ar\/es_es\/producto\/campera-pietro\/","title":{"rendered":"Campera Pietro"},"content":{"rendered":"","protected":false},"excerpt":{"rendered":"<p>La campera Pietro es la reversi\u00f3n de la chaqueta jeanera confeccionada en 100% cuero de oveja lavado, que le otorga un acabado peach muy suave al tacto y con un brillo especial. De corte recto, fit regular y largo a la primera cadera, es uno de nuestros b\u00e1sicos atemporales y eternos por la nobleza de su materia prima. Acceso a trav\u00e9s de cartera con 5 botones jeaneros personalizados, bolsillos plaqu\u00e9 jeaneros con tapa y bot\u00f3n en frente, adem\u00e1s de bolsillos en laterales para mayor comodidad. Est\u00e1 forrada en tafeta personalizada con logo Ginebra, y para reforzar su aire jeanero posee canes\u00fa en la espalda, cuello camisero, presillas con bot\u00f3n en cintura-espalda y pu\u00f1os con bot\u00f3n met\u00e1lico. Como detalle identitario, posee una badana con gofrado GNBR en cintura-espalda. Es una prenda s\u00faper vers\u00e1til para acompa\u00f1arte en cualquier ocasi\u00f3n, tanto para el d\u00eda como para la noche. Comb\u00ednala con nuestros jeans y botas para un look rockero o como abrigo encima de un vestido lencero para un outfit formal y sofisticado. \u00a1Sin dudas es un hit de esta colecci\u00f3n!<br \/>\n<em>Referencia modelo:\u00a0Altura 1,77 Talle 1<\/em><\/p>\n<p>100% Cuero de oveja \/ FORRERIA: 100% Acetato<\/p>\n","protected":false},"featured_media":95823,"template":"","meta":[],"product_brand":[481],"product_cat":[148],"product_tag":[111],"class_list":{"0":"post-95821","1":"product","2":"type-product","3":"status-publish","4":"has-post-thumbnail","6":"product_brand-ginebra","7":"product_cat-sacos-y-camperas","8":"product_tag-ginebra","10":"first","11":"instock","12":"shipping-taxable","13":"purchasable","14":"product-type-variable"},"_links":{"self":[{"href":"https:\/\/anacleta.com.ar\/es_es\/wp-json\/wp\/v2\/product\/95821","targetHints":{"allow":["GET"]}}],"collection":[{"href":"https:\/\/anacleta.com.ar\/es_es\/wp-json\/wp\/v2\/product"}],"about":[{"href":"https:\/\/anacleta.com.ar\/es_es\/wp-json\/wp\/v2\/types\/product"}],"wp:featuredmedia":[{"embeddable":true,"href":"https:\/\/anacleta.com.ar\/es_es\/wp-json\/wp\/v2\/media\/95823"}],"wp:attachment":[{"href":"https:\/\/anacleta.com.ar\/es_es\/wp-json\/wp\/v2\/media?parent=95821"}],"wp:term":[{"taxonomy":"product_brand","embeddable":true,"href":"https:\/\/anacleta.com.ar\/es_es\/wp-json\/wp\/v2\/product_brand?post=95821"},{"taxonomy":"product_cat","embeddable":true,"href":"https:\/\/anacleta.com.ar\/es_es\/wp-json\/wp\/v2\/product_cat?post=95821"},{"taxonomy":"product_tag","embeddable":true,"href":"https:\/\/anacleta.com.ar\/es_es\/wp-json\/wp\/v2\/product_tag?post=95821"}],"curies":[{"name":"wp","href":"https:\/\/api.w.org\/{rel}","templated":true}]}}