{"id":95931,"date":"2025-04-14T18:42:10","date_gmt":"2025-04-14T21:42:10","guid":{"rendered":"https:\/\/anacleta.com.ar\/?post_type=product&#038;p=95931"},"modified":"2026-02-14T11:03:53","modified_gmt":"2026-02-14T14:03:53","slug":"remera-mode","status":"publish","type":"product","link":"https:\/\/anacleta.com.ar\/es_es\/producto\/remera-mode\/","title":{"rendered":"Remera Mode"},"content":{"rendered":"","protected":false},"excerpt":{"rendered":"<p>La Remera Mode, de jersey de algod\u00f3n, es de calce boxy, con escote a la base y manga corta. Presenta una estampa posicional en el frente con t\u00e9cnica digital de alta definici\u00f3n. Esta prenda es perfecta para que combines en tus looks de todos los d\u00edas, ya sea con jeans, pantalones sastreros o faldas.<br \/>\n<em>Referencia modelo:\u00a0Altura 1,78 Talle 1<\/em><\/p>\n","protected":false},"featured_media":95935,"template":"","meta":[],"product_brand":[481],"product_cat":[492,491,129],"product_tag":[111],"class_list":{"0":"post-95931","1":"product","2":"type-product","3":"status-publish","4":"has-post-thumbnail","6":"product_brand-ginebra","7":"product_cat-2x1","8":"product_cat-flash-market","9":"product_cat-remeras","10":"product_tag-ginebra","12":"first","13":"instock","14":"shipping-taxable","15":"purchasable","16":"product-type-variable"},"_links":{"self":[{"href":"https:\/\/anacleta.com.ar\/es_es\/wp-json\/wp\/v2\/product\/95931","targetHints":{"allow":["GET"]}}],"collection":[{"href":"https:\/\/anacleta.com.ar\/es_es\/wp-json\/wp\/v2\/product"}],"about":[{"href":"https:\/\/anacleta.com.ar\/es_es\/wp-json\/wp\/v2\/types\/product"}],"wp:featuredmedia":[{"embeddable":true,"href":"https:\/\/anacleta.com.ar\/es_es\/wp-json\/wp\/v2\/media\/95935"}],"wp:attachment":[{"href":"https:\/\/anacleta.com.ar\/es_es\/wp-json\/wp\/v2\/media?parent=95931"}],"wp:term":[{"taxonomy":"product_brand","embeddable":true,"href":"https:\/\/anacleta.com.ar\/es_es\/wp-json\/wp\/v2\/product_brand?post=95931"},{"taxonomy":"product_cat","embeddable":true,"href":"https:\/\/anacleta.com.ar\/es_es\/wp-json\/wp\/v2\/product_cat?post=95931"},{"taxonomy":"product_tag","embeddable":true,"href":"https:\/\/anacleta.com.ar\/es_es\/wp-json\/wp\/v2\/product_tag?post=95931"}],"curies":[{"name":"wp","href":"https:\/\/api.w.org\/{rel}","templated":true}]}}