{"id":95979,"date":"2025-04-14T21:02:31","date_gmt":"2025-04-15T00:02:31","guid":{"rendered":"https:\/\/anacleta.com.ar\/?post_type=product&#038;p=95979"},"modified":"2025-08-23T10:39:12","modified_gmt":"2025-08-23T13:39:12","slug":"camisa-arizona-glam","status":"publish","type":"product","link":"https:\/\/anacleta.com.ar\/es_es\/producto\/camisa-arizona-glam\/","title":{"rendered":"Camisa Arizona Glam"},"content":{"rendered":"","protected":false},"excerpt":{"rendered":"<p>Camisa De Fit Cl\u00e1sico Con Entretela En Los Pu\u00f1os, Cuello Y Cartera Y Dise\u00f1o De Hoftix Aplicado En El Frente. Confeccionada En Poplin De Algod\u00f3n Con Spandex<\/p>\n","protected":false},"featured_media":95985,"template":"","meta":[],"product_brand":[],"product_cat":[184],"product_tag":[124],"class_list":{"0":"post-95979","1":"product","2":"type-product","3":"status-publish","4":"has-post-thumbnail","6":"product_cat-camisas","7":"product_tag-y-lovers","9":"first","10":"instock","11":"shipping-taxable","12":"purchasable","13":"product-type-variable"},"_links":{"self":[{"href":"https:\/\/anacleta.com.ar\/es_es\/wp-json\/wp\/v2\/product\/95979","targetHints":{"allow":["GET"]}}],"collection":[{"href":"https:\/\/anacleta.com.ar\/es_es\/wp-json\/wp\/v2\/product"}],"about":[{"href":"https:\/\/anacleta.com.ar\/es_es\/wp-json\/wp\/v2\/types\/product"}],"wp:featuredmedia":[{"embeddable":true,"href":"https:\/\/anacleta.com.ar\/es_es\/wp-json\/wp\/v2\/media\/95985"}],"wp:attachment":[{"href":"https:\/\/anacleta.com.ar\/es_es\/wp-json\/wp\/v2\/media?parent=95979"}],"wp:term":[{"taxonomy":"product_brand","embeddable":true,"href":"https:\/\/anacleta.com.ar\/es_es\/wp-json\/wp\/v2\/product_brand?post=95979"},{"taxonomy":"product_cat","embeddable":true,"href":"https:\/\/anacleta.com.ar\/es_es\/wp-json\/wp\/v2\/product_cat?post=95979"},{"taxonomy":"product_tag","embeddable":true,"href":"https:\/\/anacleta.com.ar\/es_es\/wp-json\/wp\/v2\/product_tag?post=95979"}],"curies":[{"name":"wp","href":"https:\/\/api.w.org\/{rel}","templated":true}]}}