{"id":96112,"date":"2025-04-16T10:32:01","date_gmt":"2025-04-16T13:32:01","guid":{"rendered":"https:\/\/anacleta.com.ar\/?post_type=product&#038;p=96112"},"modified":"2026-02-18T12:11:21","modified_gmt":"2026-02-18T15:11:21","slug":"jeans-straight-brown","status":"publish","type":"product","link":"https:\/\/anacleta.com.ar\/es_es\/producto\/jeans-straight-brown\/","title":{"rendered":"Jeans Straight Brown"},"content":{"rendered":"","protected":false},"excerpt":{"rendered":"<p>Jeans Straight Brown recto, de tiro medio y silueta relajada. Las piernas son largas, la idea es que quede hasta el piso por encima del calzado. El tejido es blandito, con lycra y es muy c\u00f3modo. Es una gabardina que lleva un proceso de te\u00f1ido y gastado industrial.<\/p>\n<p>Composici\u00f3n: El calce qued\u00f3 bastante suelto; si lo quieren m\u00e1s ajustado comprar un talle menos.<\/p>\n<p>Referencia modelo Magali: Altura 1,76 Talle: 24<\/p>\n","protected":false},"featured_media":96118,"template":"","meta":[],"product_brand":[480],"product_cat":[126,134],"product_tag":[112],"class_list":{"0":"post-96112","1":"product","2":"type-product","3":"status-publish","4":"has-post-thumbnail","6":"product_brand-jazmin-chebar","7":"product_cat-denim","8":"product_cat-pantalones","9":"product_tag-jazmin-chebar","11":"first","12":"instock","13":"shipping-taxable","14":"purchasable","15":"product-type-variable"},"_links":{"self":[{"href":"https:\/\/anacleta.com.ar\/es_es\/wp-json\/wp\/v2\/product\/96112","targetHints":{"allow":["GET"]}}],"collection":[{"href":"https:\/\/anacleta.com.ar\/es_es\/wp-json\/wp\/v2\/product"}],"about":[{"href":"https:\/\/anacleta.com.ar\/es_es\/wp-json\/wp\/v2\/types\/product"}],"wp:featuredmedia":[{"embeddable":true,"href":"https:\/\/anacleta.com.ar\/es_es\/wp-json\/wp\/v2\/media\/96118"}],"wp:attachment":[{"href":"https:\/\/anacleta.com.ar\/es_es\/wp-json\/wp\/v2\/media?parent=96112"}],"wp:term":[{"taxonomy":"product_brand","embeddable":true,"href":"https:\/\/anacleta.com.ar\/es_es\/wp-json\/wp\/v2\/product_brand?post=96112"},{"taxonomy":"product_cat","embeddable":true,"href":"https:\/\/anacleta.com.ar\/es_es\/wp-json\/wp\/v2\/product_cat?post=96112"},{"taxonomy":"product_tag","embeddable":true,"href":"https:\/\/anacleta.com.ar\/es_es\/wp-json\/wp\/v2\/product_tag?post=96112"}],"curies":[{"name":"wp","href":"https:\/\/api.w.org\/{rel}","templated":true}]}}