{"id":96270,"date":"2025-04-16T18:41:11","date_gmt":"2025-04-16T21:41:11","guid":{"rendered":"https:\/\/anacleta.com.ar\/?post_type=product&#038;p=96270"},"modified":"2026-02-13T19:19:44","modified_gmt":"2026-02-13T22:19:44","slug":"bota-petra","status":"publish","type":"product","link":"https:\/\/anacleta.com.ar\/es_es\/producto\/bota-petra\/","title":{"rendered":"Bota Petra"},"content":{"rendered":"","protected":false},"excerpt":{"rendered":"<p>Bota Petra media ca\u00f1a con taco alto realizada en dos variantes de cuero; por un lado la variante negro realizada en cuero vacuno liso; y, por otro lado, la variante chocolate realizada en gamuza de cabra. El acceso a la bota se facilita gracias a la presencia de un cierre en uno de los laterales. A modo ornamental tiene sobre el empeine dos tiras con punteras Petra met\u00e1licas, dise\u00f1adas exclusivamente para esta colecci\u00f3n. El interior est\u00e1 forrado en cuero vacuno.<\/p>\n<p>Composici\u00f3n: Capellada: 100% cuero vacuno flor Forreria: 100% cuero vacuno flor Suela: 100% cuero vacuno flor<\/p>\n<p>Medidas: Alto de taco: 3,5 cm<\/p>\n","protected":false},"featured_media":96275,"template":"","meta":[],"product_brand":[480],"product_cat":[492,281,491,461],"product_tag":[112],"class_list":{"0":"post-96270","1":"product","2":"type-product","3":"status-publish","4":"has-post-thumbnail","6":"product_brand-jazmin-chebar","7":"product_cat-2x1","8":"product_cat-calzado","9":"product_cat-flash-market","10":"product_cat-todo-para-chebar","11":"product_tag-jazmin-chebar","13":"first","14":"instock","15":"shipping-taxable","16":"purchasable","17":"product-type-variable"},"_links":{"self":[{"href":"https:\/\/anacleta.com.ar\/es_es\/wp-json\/wp\/v2\/product\/96270","targetHints":{"allow":["GET"]}}],"collection":[{"href":"https:\/\/anacleta.com.ar\/es_es\/wp-json\/wp\/v2\/product"}],"about":[{"href":"https:\/\/anacleta.com.ar\/es_es\/wp-json\/wp\/v2\/types\/product"}],"wp:featuredmedia":[{"embeddable":true,"href":"https:\/\/anacleta.com.ar\/es_es\/wp-json\/wp\/v2\/media\/96275"}],"wp:attachment":[{"href":"https:\/\/anacleta.com.ar\/es_es\/wp-json\/wp\/v2\/media?parent=96270"}],"wp:term":[{"taxonomy":"product_brand","embeddable":true,"href":"https:\/\/anacleta.com.ar\/es_es\/wp-json\/wp\/v2\/product_brand?post=96270"},{"taxonomy":"product_cat","embeddable":true,"href":"https:\/\/anacleta.com.ar\/es_es\/wp-json\/wp\/v2\/product_cat?post=96270"},{"taxonomy":"product_tag","embeddable":true,"href":"https:\/\/anacleta.com.ar\/es_es\/wp-json\/wp\/v2\/product_tag?post=96270"}],"curies":[{"name":"wp","href":"https:\/\/api.w.org\/{rel}","templated":true}]}}