{"id":96349,"date":"2025-04-17T18:25:06","date_gmt":"2025-04-17T21:25:06","guid":{"rendered":"https:\/\/anacleta.com.ar\/?post_type=product&#038;p=96349"},"modified":"2026-02-13T19:45:56","modified_gmt":"2026-02-13T22:45:56","slug":"buzo-milia-3","status":"publish","type":"product","link":"https:\/\/anacleta.com.ar\/es_es\/producto\/buzo-milia-3\/","title":{"rendered":"Buzo Milia"},"content":{"rendered":"","protected":false},"excerpt":{"rendered":"<p>Buzo corto de calce oversize con cuello redondo y pu\u00f1os en rib a tono. manga larga con hombro ca\u00eddo, Posee estampa \u00fanica exclusiva de shibinda en el frente. est\u00e1 confeccionado en r\u00fastico de algod\u00f3n.<\/p>\n<p><strong>Composici\u00f3n:<\/strong>\u00a085% algod\u00f3n 15% poli\u00e9ster.\u00a0<strong>Complemento:\u00a0<\/strong>100% algod\u00f3n.<\/p>\n<p><strong>Cuidados:\u00a0<\/strong>Lavar a mano con agua fr\u00eda. No usar cloro. Usar jab\u00f3n suave. Lavar con colores similares. Secar a la sombra, no utilizar secadora. No planchar sobre la estampa.<\/p>\n<p><strong>IMPORTANTE: Esta prenda puede encoger entre 2 y 3 cm al momento del lavado.<\/strong><\/p>\n","protected":false},"featured_media":96352,"template":"","meta":[],"product_brand":[487],"product_cat":[492,150,475],"product_tag":[196],"class_list":{"0":"post-96349","1":"product","2":"type-product","3":"status-publish","4":"has-post-thumbnail","6":"product_brand-shibinda","7":"product_cat-2x1","8":"product_cat-buzos","9":"product_cat-hotsale","10":"product_tag-shibinda","12":"first","13":"instock","14":"shipping-taxable","15":"purchasable","16":"product-type-variable"},"_links":{"self":[{"href":"https:\/\/anacleta.com.ar\/es_es\/wp-json\/wp\/v2\/product\/96349","targetHints":{"allow":["GET"]}}],"collection":[{"href":"https:\/\/anacleta.com.ar\/es_es\/wp-json\/wp\/v2\/product"}],"about":[{"href":"https:\/\/anacleta.com.ar\/es_es\/wp-json\/wp\/v2\/types\/product"}],"wp:featuredmedia":[{"embeddable":true,"href":"https:\/\/anacleta.com.ar\/es_es\/wp-json\/wp\/v2\/media\/96352"}],"wp:attachment":[{"href":"https:\/\/anacleta.com.ar\/es_es\/wp-json\/wp\/v2\/media?parent=96349"}],"wp:term":[{"taxonomy":"product_brand","embeddable":true,"href":"https:\/\/anacleta.com.ar\/es_es\/wp-json\/wp\/v2\/product_brand?post=96349"},{"taxonomy":"product_cat","embeddable":true,"href":"https:\/\/anacleta.com.ar\/es_es\/wp-json\/wp\/v2\/product_cat?post=96349"},{"taxonomy":"product_tag","embeddable":true,"href":"https:\/\/anacleta.com.ar\/es_es\/wp-json\/wp\/v2\/product_tag?post=96349"}],"curies":[{"name":"wp","href":"https:\/\/api.w.org\/{rel}","templated":true}]}}