{"id":96361,"date":"2025-04-17T18:51:03","date_gmt":"2025-04-17T21:51:03","guid":{"rendered":"https:\/\/anacleta.com.ar\/?post_type=product&#038;p=96361"},"modified":"2026-02-06T19:03:13","modified_gmt":"2026-02-06T22:03:13","slug":"bandeau-pali","status":"publish","type":"product","link":"https:\/\/anacleta.com.ar\/es_es\/producto\/bandeau-pali\/","title":{"rendered":"Bandeau Pali"},"content":{"rendered":"","protected":false},"excerpt":{"rendered":"<p>Top reversible tipo bandeau. De un lado posee frunce en el centro y del otro recto. Breteles el\u00e1sticos a tono. Se encuentra \u00edntegramente forrado. Para usarlo por debajo de prendas transparentes o como protag\u00f3nico. Top con porcentaje de estiramiento medio.<\/p>\n<p><strong>Composici\u00f3n:\u00a0<\/strong>88% poli\u00e9ster, 12% spandex.<\/p>\n<p><strong>Cuidados:\u00a0<\/strong>Prenda delicada, no rozar con otras superficies. Cuidar que no se enganche. Lavar a mano con agua fr\u00eda. No dejar en remojo. No centrifugar. No usar cloro. Usar jab\u00f3n neutro. Planchar \u00fanicamente con vapor. Secar a la sombra.<\/p>\n<p><strong>Referencia modelo:\u00a0<\/strong>Altura 1,80. Talle 1.<\/p>\n","protected":false},"featured_media":96367,"template":"","meta":[],"product_brand":[487],"product_cat":[181],"product_tag":[196],"class_list":{"0":"post-96361","1":"product","2":"type-product","3":"status-publish","4":"has-post-thumbnail","6":"product_brand-shibinda","7":"product_cat-tops","8":"product_tag-shibinda","10":"first","11":"instock","12":"shipping-taxable","13":"purchasable","14":"product-type-variable"},"_links":{"self":[{"href":"https:\/\/anacleta.com.ar\/es_es\/wp-json\/wp\/v2\/product\/96361","targetHints":{"allow":["GET"]}}],"collection":[{"href":"https:\/\/anacleta.com.ar\/es_es\/wp-json\/wp\/v2\/product"}],"about":[{"href":"https:\/\/anacleta.com.ar\/es_es\/wp-json\/wp\/v2\/types\/product"}],"wp:featuredmedia":[{"embeddable":true,"href":"https:\/\/anacleta.com.ar\/es_es\/wp-json\/wp\/v2\/media\/96367"}],"wp:attachment":[{"href":"https:\/\/anacleta.com.ar\/es_es\/wp-json\/wp\/v2\/media?parent=96361"}],"wp:term":[{"taxonomy":"product_brand","embeddable":true,"href":"https:\/\/anacleta.com.ar\/es_es\/wp-json\/wp\/v2\/product_brand?post=96361"},{"taxonomy":"product_cat","embeddable":true,"href":"https:\/\/anacleta.com.ar\/es_es\/wp-json\/wp\/v2\/product_cat?post=96361"},{"taxonomy":"product_tag","embeddable":true,"href":"https:\/\/anacleta.com.ar\/es_es\/wp-json\/wp\/v2\/product_tag?post=96361"}],"curies":[{"name":"wp","href":"https:\/\/api.w.org\/{rel}","templated":true}]}}