{"id":96401,"date":"2025-04-17T19:14:11","date_gmt":"2025-04-17T22:14:11","guid":{"rendered":"https:\/\/anacleta.com.ar\/?post_type=product&#038;p=96401"},"modified":"2026-02-13T19:46:13","modified_gmt":"2026-02-13T22:46:13","slug":"vestido-nalo","status":"publish","type":"product","link":"https:\/\/anacleta.com.ar\/es_es\/producto\/vestido-nalo\/","title":{"rendered":"Vestido Nalo"},"content":{"rendered":"","protected":false},"excerpt":{"rendered":"<p>Vestido corto con escote cuadrado y mangas 3\/4, corte princesa y terminaci\u00f3n balloon. Cuenta con cierre invisible para su acceso. Confeccionado en punto Roma y poplin.<\/p>\n<p><strong>Composici\u00f3n:<\/strong>\u00a060% ray\u00f3n 35% nylon 5% spandex.<\/p>\n<p><strong>Cuidados:\u00a0<\/strong>Textil delicado, no rozar con otras superficies.\u00a0Cuidar que no se enganche. Lavar a mano con agua fr\u00eda y usar jab\u00f3n neutro. Planchar \u00fanicamente con vapor. Secar a la sombra.<\/p>\n<p><strong>Referencia modelo:\u00a0<\/strong>Altura 1,72. Talle 1.<\/p>\n","protected":false},"featured_media":96404,"template":"","meta":[],"product_brand":[487],"product_cat":[492,475,130],"product_tag":[196],"class_list":{"0":"post-96401","1":"product","2":"type-product","3":"status-publish","4":"has-post-thumbnail","6":"product_brand-shibinda","7":"product_cat-2x1","8":"product_cat-hotsale","9":"product_cat-vestidos-y-faldas","10":"product_tag-shibinda","12":"first","13":"instock","14":"shipping-taxable","15":"purchasable","16":"product-type-variable"},"_links":{"self":[{"href":"https:\/\/anacleta.com.ar\/es_es\/wp-json\/wp\/v2\/product\/96401","targetHints":{"allow":["GET"]}}],"collection":[{"href":"https:\/\/anacleta.com.ar\/es_es\/wp-json\/wp\/v2\/product"}],"about":[{"href":"https:\/\/anacleta.com.ar\/es_es\/wp-json\/wp\/v2\/types\/product"}],"wp:featuredmedia":[{"embeddable":true,"href":"https:\/\/anacleta.com.ar\/es_es\/wp-json\/wp\/v2\/media\/96404"}],"wp:attachment":[{"href":"https:\/\/anacleta.com.ar\/es_es\/wp-json\/wp\/v2\/media?parent=96401"}],"wp:term":[{"taxonomy":"product_brand","embeddable":true,"href":"https:\/\/anacleta.com.ar\/es_es\/wp-json\/wp\/v2\/product_brand?post=96401"},{"taxonomy":"product_cat","embeddable":true,"href":"https:\/\/anacleta.com.ar\/es_es\/wp-json\/wp\/v2\/product_cat?post=96401"},{"taxonomy":"product_tag","embeddable":true,"href":"https:\/\/anacleta.com.ar\/es_es\/wp-json\/wp\/v2\/product_tag?post=96401"}],"curies":[{"name":"wp","href":"https:\/\/api.w.org\/{rel}","templated":true}]}}