{"id":96423,"date":"2025-04-17T19:41:56","date_gmt":"2025-04-17T22:41:56","guid":{"rendered":"https:\/\/anacleta.com.ar\/?post_type=product&#038;p=96423"},"modified":"2026-02-06T18:41:38","modified_gmt":"2026-02-06T21:41:38","slug":"body-makena","status":"publish","type":"product","link":"https:\/\/anacleta.com.ar\/es_es\/producto\/body-makena\/","title":{"rendered":"Body Makena"},"content":{"rendered":"","protected":false},"excerpt":{"rendered":"<p>Body transl\u00facido de microtul estampada en animal print desarrollada por shibinda. de mangas largas y con broches corseteros para acceso. Alto porcentaje de estiramiento.<\/p>\n<p><strong>Composici\u00f3n:<\/strong>\u00a092% poli\u00e9ster 8% spandex.<\/p>\n<p><strong>Cuidados:\u00a0<\/strong>Lavar a mano con agua fr\u00eda, del rev\u00e9s. No usar cloro. Usar jab\u00f3n neutro. No retorcer, no remojar ni fregar. Secar a la sombra, no utilizar secadora.<\/p>\n<p><strong>Referencia modelo:\u00a0<\/strong>Altura 1,72. Talle 1.<\/p>\n","protected":false},"featured_media":96428,"template":"","meta":[],"product_brand":[487],"product_cat":[255],"product_tag":[196],"class_list":{"0":"post-96423","1":"product","2":"type-product","3":"status-publish","4":"has-post-thumbnail","6":"product_brand-shibinda","7":"product_cat-body","8":"product_tag-shibinda","10":"first","11":"instock","12":"shipping-taxable","13":"purchasable","14":"product-type-variable"},"_links":{"self":[{"href":"https:\/\/anacleta.com.ar\/es_es\/wp-json\/wp\/v2\/product\/96423","targetHints":{"allow":["GET"]}}],"collection":[{"href":"https:\/\/anacleta.com.ar\/es_es\/wp-json\/wp\/v2\/product"}],"about":[{"href":"https:\/\/anacleta.com.ar\/es_es\/wp-json\/wp\/v2\/types\/product"}],"wp:featuredmedia":[{"embeddable":true,"href":"https:\/\/anacleta.com.ar\/es_es\/wp-json\/wp\/v2\/media\/96428"}],"wp:attachment":[{"href":"https:\/\/anacleta.com.ar\/es_es\/wp-json\/wp\/v2\/media?parent=96423"}],"wp:term":[{"taxonomy":"product_brand","embeddable":true,"href":"https:\/\/anacleta.com.ar\/es_es\/wp-json\/wp\/v2\/product_brand?post=96423"},{"taxonomy":"product_cat","embeddable":true,"href":"https:\/\/anacleta.com.ar\/es_es\/wp-json\/wp\/v2\/product_cat?post=96423"},{"taxonomy":"product_tag","embeddable":true,"href":"https:\/\/anacleta.com.ar\/es_es\/wp-json\/wp\/v2\/product_tag?post=96423"}],"curies":[{"name":"wp","href":"https:\/\/api.w.org\/{rel}","templated":true}]}}