{"id":96458,"date":"2025-04-17T20:22:27","date_gmt":"2025-04-17T23:22:27","guid":{"rendered":"https:\/\/anacleta.com.ar\/?post_type=product&#038;p=96458"},"modified":"2026-02-13T19:46:20","modified_gmt":"2026-02-13T22:46:20","slug":"capa-azan","status":"publish","type":"product","link":"https:\/\/anacleta.com.ar\/es_es\/producto\/capa-azan\/","title":{"rendered":"Capa Azan"},"content":{"rendered":"","protected":false},"excerpt":{"rendered":"<p>Capa corta de pa\u00f1o, con hebillas met\u00e1licas para su cierre. Se encuentra \u00edntegramente forrada.<\/p>\n<p><strong>Composici\u00f3n: Pa\u00f1o:\u00a0<\/strong>88% poli\u00e9ster 10% viscosa 2% spandex.\u00a0<strong>Forrer\u00eda:\u00a0<\/strong>100% acetato.<\/p>\n<p><strong>Cuidados:\u00a0<\/strong>Limpieza profesional.<\/p>\n<p><strong>Referencia modelo: Modelo 1:<\/strong>\u00a0Altura 1,70. Talle 1.<strong>\u00a0Modelo 2:\u00a0<\/strong>Altura 1,72. Talle 1.<\/p>\n","protected":false},"featured_media":96460,"template":"","meta":[],"product_brand":[487],"product_cat":[492,475,148],"product_tag":[196],"class_list":{"0":"post-96458","1":"product","2":"type-product","3":"status-publish","4":"has-post-thumbnail","6":"product_brand-shibinda","7":"product_cat-2x1","8":"product_cat-hotsale","9":"product_cat-sacos-y-camperas","10":"product_tag-shibinda","12":"first","13":"instock","14":"shipping-taxable","15":"purchasable","16":"product-type-variable"},"_links":{"self":[{"href":"https:\/\/anacleta.com.ar\/es_es\/wp-json\/wp\/v2\/product\/96458","targetHints":{"allow":["GET"]}}],"collection":[{"href":"https:\/\/anacleta.com.ar\/es_es\/wp-json\/wp\/v2\/product"}],"about":[{"href":"https:\/\/anacleta.com.ar\/es_es\/wp-json\/wp\/v2\/types\/product"}],"wp:featuredmedia":[{"embeddable":true,"href":"https:\/\/anacleta.com.ar\/es_es\/wp-json\/wp\/v2\/media\/96460"}],"wp:attachment":[{"href":"https:\/\/anacleta.com.ar\/es_es\/wp-json\/wp\/v2\/media?parent=96458"}],"wp:term":[{"taxonomy":"product_brand","embeddable":true,"href":"https:\/\/anacleta.com.ar\/es_es\/wp-json\/wp\/v2\/product_brand?post=96458"},{"taxonomy":"product_cat","embeddable":true,"href":"https:\/\/anacleta.com.ar\/es_es\/wp-json\/wp\/v2\/product_cat?post=96458"},{"taxonomy":"product_tag","embeddable":true,"href":"https:\/\/anacleta.com.ar\/es_es\/wp-json\/wp\/v2\/product_tag?post=96458"}],"curies":[{"name":"wp","href":"https:\/\/api.w.org\/{rel}","templated":true}]}}