{"id":96515,"date":"2025-04-19T12:04:23","date_gmt":"2025-04-19T15:04:23","guid":{"rendered":"https:\/\/anacleta.com.ar\/?post_type=product&#038;p=96515"},"modified":"2026-02-06T18:40:57","modified_gmt":"2026-02-06T21:40:57","slug":"vestido-rabat","status":"publish","type":"product","link":"https:\/\/anacleta.com.ar\/es_es\/producto\/vestido-rabat\/","title":{"rendered":"Vestido Rabat"},"content":{"rendered":"","protected":false},"excerpt":{"rendered":"<p>Vestido corto en tul de animal print. Tiene un escote profundo y un detalle de hebilla con strass incrustado. Tiene frunces en todo su recorrido y breteles finos regulables. Se encuentra forrado.<\/p>\n<p><strong>Composici\u00f3n:\u00a0<\/strong>92% nylon 8% spandex.<\/p>\n<p><strong>Cuidados:\u00a0<\/strong>Lavar a mano con agua fr\u00eda, del rev\u00e9s. No usar cloro. Usar jab\u00f3n neutro. No retorcer, no remojar ni fregar. Secar a la sombra, no utilizar secadora.<\/p>\n<p><strong>Referencia modelo:\u00a0<\/strong>Altura 1,80. Talle S.<\/p>\n","protected":false},"featured_media":96519,"template":"","meta":[],"product_brand":[487],"product_cat":[130],"product_tag":[196],"class_list":{"0":"post-96515","1":"product","2":"type-product","3":"status-publish","4":"has-post-thumbnail","6":"product_brand-shibinda","7":"product_cat-vestidos-y-faldas","8":"product_tag-shibinda","10":"first","11":"instock","12":"shipping-taxable","13":"purchasable","14":"product-type-variable"},"_links":{"self":[{"href":"https:\/\/anacleta.com.ar\/es_es\/wp-json\/wp\/v2\/product\/96515","targetHints":{"allow":["GET"]}}],"collection":[{"href":"https:\/\/anacleta.com.ar\/es_es\/wp-json\/wp\/v2\/product"}],"about":[{"href":"https:\/\/anacleta.com.ar\/es_es\/wp-json\/wp\/v2\/types\/product"}],"wp:featuredmedia":[{"embeddable":true,"href":"https:\/\/anacleta.com.ar\/es_es\/wp-json\/wp\/v2\/media\/96519"}],"wp:attachment":[{"href":"https:\/\/anacleta.com.ar\/es_es\/wp-json\/wp\/v2\/media?parent=96515"}],"wp:term":[{"taxonomy":"product_brand","embeddable":true,"href":"https:\/\/anacleta.com.ar\/es_es\/wp-json\/wp\/v2\/product_brand?post=96515"},{"taxonomy":"product_cat","embeddable":true,"href":"https:\/\/anacleta.com.ar\/es_es\/wp-json\/wp\/v2\/product_cat?post=96515"},{"taxonomy":"product_tag","embeddable":true,"href":"https:\/\/anacleta.com.ar\/es_es\/wp-json\/wp\/v2\/product_tag?post=96515"}],"curies":[{"name":"wp","href":"https:\/\/api.w.org\/{rel}","templated":true}]}}