{"id":96522,"date":"2025-04-19T12:07:55","date_gmt":"2025-04-19T15:07:55","guid":{"rendered":"https:\/\/anacleta.com.ar\/?post_type=product&#038;p=96522"},"modified":"2026-02-13T19:46:43","modified_gmt":"2026-02-13T22:46:43","slug":"tapado-dinka","status":"publish","type":"product","link":"https:\/\/anacleta.com.ar\/es_es\/producto\/tapado-dinka\/","title":{"rendered":"Tapado Dinka"},"content":{"rendered":"","protected":false},"excerpt":{"rendered":"<p>Tapado largo de piel sint\u00e9tica de astrac\u00e1n, se encuentra \u00edntegramente forrado. Posee gancho pulpo para su cierre, bolsillos delanteros y solapa amplia.<\/p>\n<p><strong>Composici\u00f3n:\u00a0<\/strong><strong>Piel sint\u00e9tica:\u00a0<\/strong>100% poli\u00e9ster.\u00a0<strong>Forrer\u00eda:\u00a0<\/strong>100% poli\u00e9ster.<\/p>\n<p><strong>Cuidados:\u00a0<\/strong>Limpieza profesional en seco.<\/p>\n<p><strong>Referencia modelo:\u00a0<\/strong>Altura 1,80. Talle 1.<\/p>\n","protected":false},"featured_media":96525,"template":"","meta":[],"product_brand":[487],"product_cat":[492,475,148],"product_tag":[196],"class_list":{"0":"post-96522","1":"product","2":"type-product","3":"status-publish","4":"has-post-thumbnail","6":"product_brand-shibinda","7":"product_cat-2x1","8":"product_cat-hotsale","9":"product_cat-sacos-y-camperas","10":"product_tag-shibinda","12":"first","13":"instock","14":"shipping-taxable","15":"purchasable","16":"product-type-variable"},"_links":{"self":[{"href":"https:\/\/anacleta.com.ar\/es_es\/wp-json\/wp\/v2\/product\/96522","targetHints":{"allow":["GET"]}}],"collection":[{"href":"https:\/\/anacleta.com.ar\/es_es\/wp-json\/wp\/v2\/product"}],"about":[{"href":"https:\/\/anacleta.com.ar\/es_es\/wp-json\/wp\/v2\/types\/product"}],"wp:featuredmedia":[{"embeddable":true,"href":"https:\/\/anacleta.com.ar\/es_es\/wp-json\/wp\/v2\/media\/96525"}],"wp:attachment":[{"href":"https:\/\/anacleta.com.ar\/es_es\/wp-json\/wp\/v2\/media?parent=96522"}],"wp:term":[{"taxonomy":"product_brand","embeddable":true,"href":"https:\/\/anacleta.com.ar\/es_es\/wp-json\/wp\/v2\/product_brand?post=96522"},{"taxonomy":"product_cat","embeddable":true,"href":"https:\/\/anacleta.com.ar\/es_es\/wp-json\/wp\/v2\/product_cat?post=96522"},{"taxonomy":"product_tag","embeddable":true,"href":"https:\/\/anacleta.com.ar\/es_es\/wp-json\/wp\/v2\/product_tag?post=96522"}],"curies":[{"name":"wp","href":"https:\/\/api.w.org\/{rel}","templated":true}]}}