{"id":96895,"date":"2025-04-29T19:56:22","date_gmt":"2025-04-29T22:56:22","guid":{"rendered":"https:\/\/anacleta.com.ar\/?post_type=product&#038;p=96895"},"modified":"2026-02-06T18:40:43","modified_gmt":"2026-02-06T21:40:43","slug":"vestido-hasana","status":"publish","type":"product","link":"https:\/\/anacleta.com.ar\/es_es\/producto\/vestido-hasana\/","title":{"rendered":"Vestido Hasana"},"content":{"rendered":"","protected":false},"excerpt":{"rendered":"<p>Vestido corto, manga larga de gasa animal print, reversible. De un lado tiene escote profundo y tirita para su ajuste. Prenda transl\u00facida.<\/p>\n<p><strong>Composici\u00f3n:\u00a0<\/strong>96% poli\u00e9ster 4% spandex.<\/p>\n<p><strong>Cuidados:\u00a0<\/strong>Prenda delicada, no rozar con otras superficies. Cuidar que no se enganche. Lavar a mano con agua fr\u00eda. No dejar en remojo. No centrifugar. No usar cloro. Usar jab\u00f3n neutro. Planchar \u00fanicamente con vapor. Secar a la sombra.<\/p>\n<p><strong>Referencia modelo:\u00a0<\/strong>Altura 1,72. Talle 1.<\/p>\n","protected":false},"featured_media":96898,"template":"","meta":[],"product_brand":[487],"product_cat":[130],"product_tag":[196],"class_list":{"0":"post-96895","1":"product","2":"type-product","3":"status-publish","4":"has-post-thumbnail","6":"product_brand-shibinda","7":"product_cat-vestidos-y-faldas","8":"product_tag-shibinda","10":"first","11":"instock","12":"shipping-taxable","13":"purchasable","14":"product-type-variable"},"_links":{"self":[{"href":"https:\/\/anacleta.com.ar\/es_es\/wp-json\/wp\/v2\/product\/96895","targetHints":{"allow":["GET"]}}],"collection":[{"href":"https:\/\/anacleta.com.ar\/es_es\/wp-json\/wp\/v2\/product"}],"about":[{"href":"https:\/\/anacleta.com.ar\/es_es\/wp-json\/wp\/v2\/types\/product"}],"wp:featuredmedia":[{"embeddable":true,"href":"https:\/\/anacleta.com.ar\/es_es\/wp-json\/wp\/v2\/media\/96898"}],"wp:attachment":[{"href":"https:\/\/anacleta.com.ar\/es_es\/wp-json\/wp\/v2\/media?parent=96895"}],"wp:term":[{"taxonomy":"product_brand","embeddable":true,"href":"https:\/\/anacleta.com.ar\/es_es\/wp-json\/wp\/v2\/product_brand?post=96895"},{"taxonomy":"product_cat","embeddable":true,"href":"https:\/\/anacleta.com.ar\/es_es\/wp-json\/wp\/v2\/product_cat?post=96895"},{"taxonomy":"product_tag","embeddable":true,"href":"https:\/\/anacleta.com.ar\/es_es\/wp-json\/wp\/v2\/product_tag?post=96895"}],"curies":[{"name":"wp","href":"https:\/\/api.w.org\/{rel}","templated":true}]}}