{"id":97003,"date":"2025-05-08T08:00:47","date_gmt":"2025-05-08T11:00:47","guid":{"rendered":"https:\/\/anacleta.com.ar\/?post_type=product&#038;p=97003"},"modified":"2025-12-03T19:06:24","modified_gmt":"2025-12-03T22:06:24","slug":"tapado-julianne","status":"publish","type":"product","link":"https:\/\/anacleta.com.ar\/es_es\/producto\/tapado-julianne\/","title":{"rendered":"Tapado Julianne"},"content":{"rendered":"","protected":false},"excerpt":{"rendered":"<p>El tapado Julianne es nuestra propuesta m\u00e1s relajada en abrigos. Confeccionado en pa\u00f1o doble, sin forrer\u00eda y largo modular debajo de la rodilla. Es un tapado de fit suelto y relajado, dise\u00f1o tipo bat\u00f3n con capucha amplia, con lazo a tono para ajustar en la cintura y bolsillos grandes plaqu\u00e9 en delantero para mayor comodidad. Como detalle diferencial, posee una etiqueta especial Ginebra en una de sus mangas.<br \/>\nCombina el minimalismo y la funcionalidad; su dise\u00f1o relajado y sin forrer\u00eda aporta fluidez y ligereza, ideal para quienes buscan una prenda vers\u00e1til. La capucha le da un aire contempor\u00e1neo y desenfadado.<br \/>\nCombinalo con un look monocrom\u00e1tico para potenciar su elegancia o con zapatillas y prendas urbanas para un estilo m\u00e1s relajado y moderno. Perfecto para el d\u00eda a d\u00eda, ya sea para ir a la oficina con un look casual chic o para una salida relajada de fin de semana.<br \/>\n<em>Referencia modelo: Altura 1,78 Talle 1<\/em><\/p>\n","protected":false},"featured_media":97005,"template":"","meta":[],"product_brand":[481],"product_cat":[148],"product_tag":[111],"class_list":{"0":"post-97003","1":"product","2":"type-product","3":"status-publish","4":"has-post-thumbnail","6":"product_brand-ginebra","7":"product_cat-sacos-y-camperas","8":"product_tag-ginebra","10":"first","11":"instock","12":"shipping-taxable","13":"purchasable","14":"product-type-variable"},"_links":{"self":[{"href":"https:\/\/anacleta.com.ar\/es_es\/wp-json\/wp\/v2\/product\/97003","targetHints":{"allow":["GET"]}}],"collection":[{"href":"https:\/\/anacleta.com.ar\/es_es\/wp-json\/wp\/v2\/product"}],"about":[{"href":"https:\/\/anacleta.com.ar\/es_es\/wp-json\/wp\/v2\/types\/product"}],"wp:featuredmedia":[{"embeddable":true,"href":"https:\/\/anacleta.com.ar\/es_es\/wp-json\/wp\/v2\/media\/97005"}],"wp:attachment":[{"href":"https:\/\/anacleta.com.ar\/es_es\/wp-json\/wp\/v2\/media?parent=97003"}],"wp:term":[{"taxonomy":"product_brand","embeddable":true,"href":"https:\/\/anacleta.com.ar\/es_es\/wp-json\/wp\/v2\/product_brand?post=97003"},{"taxonomy":"product_cat","embeddable":true,"href":"https:\/\/anacleta.com.ar\/es_es\/wp-json\/wp\/v2\/product_cat?post=97003"},{"taxonomy":"product_tag","embeddable":true,"href":"https:\/\/anacleta.com.ar\/es_es\/wp-json\/wp\/v2\/product_tag?post=97003"}],"curies":[{"name":"wp","href":"https:\/\/api.w.org\/{rel}","templated":true}]}}