{"id":97191,"date":"2025-05-14T18:48:23","date_gmt":"2025-05-14T21:48:23","guid":{"rendered":"https:\/\/anacleta.com.ar\/?post_type=product&#038;p=97191"},"modified":"2025-12-15T10:01:26","modified_gmt":"2025-12-15T13:01:26","slug":"jean-denim-naila","status":"publish","type":"product","link":"https:\/\/anacleta.com.ar\/es_es\/producto\/jean-denim-naila\/","title":{"rendered":"Jean Denim Naila"},"content":{"rendered":"","protected":false},"excerpt":{"rendered":"<p>El Jean Naila es un jean realizado en denim 100% algod\u00f3n. De calce wide leg y tiro alto. La prenda est\u00e1 realizada con 2 telas diferentes, generando diversos lavados en la misma. Una tela con un pleno negro y otra con un lavado m\u00e1s gris. Cuenta con recortes en toda la prenda que hacen resaltar la variaci\u00f3n de telas. Lleva av\u00edos de set negro personalizados Ginebra y chapita Ginebra en el bolsillo trasero.<br \/>\n<em>Referencia modelo: Altura 1,78 Talle 1<\/em><\/p>\n","protected":false},"featured_media":97197,"template":"","meta":[],"product_brand":[481],"product_cat":[126,134],"product_tag":[111],"class_list":{"0":"post-97191","1":"product","2":"type-product","3":"status-publish","4":"has-post-thumbnail","6":"product_brand-ginebra","7":"product_cat-denim","8":"product_cat-pantalones","9":"product_tag-ginebra","11":"first","12":"instock","13":"shipping-taxable","14":"purchasable","15":"product-type-variable"},"_links":{"self":[{"href":"https:\/\/anacleta.com.ar\/es_es\/wp-json\/wp\/v2\/product\/97191","targetHints":{"allow":["GET"]}}],"collection":[{"href":"https:\/\/anacleta.com.ar\/es_es\/wp-json\/wp\/v2\/product"}],"about":[{"href":"https:\/\/anacleta.com.ar\/es_es\/wp-json\/wp\/v2\/types\/product"}],"wp:featuredmedia":[{"embeddable":true,"href":"https:\/\/anacleta.com.ar\/es_es\/wp-json\/wp\/v2\/media\/97197"}],"wp:attachment":[{"href":"https:\/\/anacleta.com.ar\/es_es\/wp-json\/wp\/v2\/media?parent=97191"}],"wp:term":[{"taxonomy":"product_brand","embeddable":true,"href":"https:\/\/anacleta.com.ar\/es_es\/wp-json\/wp\/v2\/product_brand?post=97191"},{"taxonomy":"product_cat","embeddable":true,"href":"https:\/\/anacleta.com.ar\/es_es\/wp-json\/wp\/v2\/product_cat?post=97191"},{"taxonomy":"product_tag","embeddable":true,"href":"https:\/\/anacleta.com.ar\/es_es\/wp-json\/wp\/v2\/product_tag?post=97191"}],"curies":[{"name":"wp","href":"https:\/\/api.w.org\/{rel}","templated":true}]}}