{"id":97448,"date":"2025-05-16T18:25:17","date_gmt":"2025-05-16T21:25:17","guid":{"rendered":"https:\/\/anacleta.com.ar\/?post_type=product&#038;p=97448"},"modified":"2025-12-04T12:41:16","modified_gmt":"2025-12-04T15:41:16","slug":"zapatilla-london","status":"publish","type":"product","link":"https:\/\/anacleta.com.ar\/es_es\/producto\/zapatilla-london\/","title":{"rendered":"Zapatilla London"},"content":{"rendered":"","protected":false},"excerpt":{"rendered":"<p>Zapatilla London acordonada, estilo urbana realizada en cuero y recortes. Viene con un aplique met\u00e1lico en la leng\u00fceta, y un aplique mini Lipstick. El interior de esta zapatilla est\u00e1 forrado en cuero vacuno. Lleva un grabada JCH en el tal\u00f3n.<\/p>\n<p>Composici\u00f3n: VARIANTE PLATEADO Y BLANCO Capellada: 90% cuero vacuno flor 10% cuero vacuno descarne Forrer\u00eda: 100% cuero vacuno flor Suela: 100% TR<\/p>\n<p>Medidas: Alto: 3 cm<\/p>\n","protected":false},"featured_media":97453,"template":"","meta":[],"product_brand":[480],"product_cat":[281],"product_tag":[112],"class_list":{"0":"post-97448","1":"product","2":"type-product","3":"status-publish","4":"has-post-thumbnail","6":"product_brand-jazmin-chebar","7":"product_cat-calzado","8":"product_tag-jazmin-chebar","10":"first","11":"instock","12":"shipping-taxable","13":"purchasable","14":"product-type-variable"},"_links":{"self":[{"href":"https:\/\/anacleta.com.ar\/es_es\/wp-json\/wp\/v2\/product\/97448","targetHints":{"allow":["GET"]}}],"collection":[{"href":"https:\/\/anacleta.com.ar\/es_es\/wp-json\/wp\/v2\/product"}],"about":[{"href":"https:\/\/anacleta.com.ar\/es_es\/wp-json\/wp\/v2\/types\/product"}],"wp:featuredmedia":[{"embeddable":true,"href":"https:\/\/anacleta.com.ar\/es_es\/wp-json\/wp\/v2\/media\/97453"}],"wp:attachment":[{"href":"https:\/\/anacleta.com.ar\/es_es\/wp-json\/wp\/v2\/media?parent=97448"}],"wp:term":[{"taxonomy":"product_brand","embeddable":true,"href":"https:\/\/anacleta.com.ar\/es_es\/wp-json\/wp\/v2\/product_brand?post=97448"},{"taxonomy":"product_cat","embeddable":true,"href":"https:\/\/anacleta.com.ar\/es_es\/wp-json\/wp\/v2\/product_cat?post=97448"},{"taxonomy":"product_tag","embeddable":true,"href":"https:\/\/anacleta.com.ar\/es_es\/wp-json\/wp\/v2\/product_tag?post=97448"}],"curies":[{"name":"wp","href":"https:\/\/api.w.org\/{rel}","templated":true}]}}