{"id":97630,"date":"2025-05-17T10:55:01","date_gmt":"2025-05-17T13:55:01","guid":{"rendered":"https:\/\/anacleta.com.ar\/?post_type=product&#038;p=97630"},"modified":"2026-04-02T11:02:48","modified_gmt":"2026-04-02T14:02:48","slug":"chaleco-black-fly","status":"publish","type":"product","link":"https:\/\/anacleta.com.ar\/es_es\/producto\/chaleco-black-fly\/","title":{"rendered":"Chaleco Black Fly"},"content":{"rendered":"","protected":false},"excerpt":{"rendered":"<p>Jazmin Chebar y Edgardo Gim\u00e9nez fusionan dise\u00f1o y arte trascendiendo los l\u00edmites de sus propias disciplinas, para presentar una colaboraci\u00f3n de piezas \u00fanicas donde cada prenda es una obra de arte en s\u00ed misma.<\/p>\n<p>Chaleco Black Fly confeccionado en denim. Calce cl\u00e1sico y escote en V. Bordado en bolsillo delantero y en espalda.<\/p>\n<p>Obra: mosca, 1960<\/p>\n<p>Composici\u00f3n: 92% alg. 7% pol. 1% el.<\/p>\n<p>Referencia modelo Miranda: Altura 1,79 Talle: 1<\/p>\n","protected":false},"featured_media":97632,"template":"","meta":[],"product_brand":[480],"product_cat":[184,476],"product_tag":[112],"class_list":{"0":"post-97630","1":"product","2":"type-product","3":"status-publish","4":"has-post-thumbnail","6":"product_brand-jazmin-chebar","7":"product_cat-camisas","8":"product_cat-jazmin-x-edgardo","9":"product_tag-jazmin-chebar","11":"first","12":"outofstock","13":"shipping-taxable","14":"product-type-variable"},"_links":{"self":[{"href":"https:\/\/anacleta.com.ar\/es_es\/wp-json\/wp\/v2\/product\/97630","targetHints":{"allow":["GET"]}}],"collection":[{"href":"https:\/\/anacleta.com.ar\/es_es\/wp-json\/wp\/v2\/product"}],"about":[{"href":"https:\/\/anacleta.com.ar\/es_es\/wp-json\/wp\/v2\/types\/product"}],"wp:featuredmedia":[{"embeddable":true,"href":"https:\/\/anacleta.com.ar\/es_es\/wp-json\/wp\/v2\/media\/97632"}],"wp:attachment":[{"href":"https:\/\/anacleta.com.ar\/es_es\/wp-json\/wp\/v2\/media?parent=97630"}],"wp:term":[{"taxonomy":"product_brand","embeddable":true,"href":"https:\/\/anacleta.com.ar\/es_es\/wp-json\/wp\/v2\/product_brand?post=97630"},{"taxonomy":"product_cat","embeddable":true,"href":"https:\/\/anacleta.com.ar\/es_es\/wp-json\/wp\/v2\/product_cat?post=97630"},{"taxonomy":"product_tag","embeddable":true,"href":"https:\/\/anacleta.com.ar\/es_es\/wp-json\/wp\/v2\/product_tag?post=97630"}],"curies":[{"name":"wp","href":"https:\/\/api.w.org\/{rel}","templated":true}]}}