{"id":97657,"date":"2025-05-17T11:19:00","date_gmt":"2025-05-17T14:19:00","guid":{"rendered":"https:\/\/anacleta.com.ar\/?post_type=product&#038;p=97657"},"modified":"2025-12-04T12:34:40","modified_gmt":"2025-12-04T15:34:40","slug":"zapatilla-afrika","status":"publish","type":"product","link":"https:\/\/anacleta.com.ar\/es_es\/producto\/zapatilla-afrika\/","title":{"rendered":"Zapatilla Afrika"},"content":{"rendered":"","protected":false},"excerpt":{"rendered":"<p>Jazmin Chebar y Edgardo Gim\u00e9nez fusionan dise\u00f1o y arte trascendiendo los l\u00edmites de sus propias disciplinas, para presentar una colaboraci\u00f3n de piezas \u00fanicas donde cada prenda es una obra de arte en s\u00ed misma.<\/p>\n<p>Zapatilla Afrika baja acordonada realizada en cuero vacuno combinado con cuero vacuno descarne, con detalles de bordados<\/p>\n<p>Obra: mosca, 1960 &amp; afiche Afrika, 1960<\/p>\n<p>Composici\u00f3n: Capellada: 70% cuero vacuno flor 30% cuero vacuno descarne Forreria: 100% algod\u00f3n Suela: 70% eva 30% caucho<\/p>\n","protected":false},"featured_media":97660,"template":"","meta":[],"product_brand":[480],"product_cat":[281,476],"product_tag":[112],"class_list":{"0":"post-97657","1":"product","2":"type-product","3":"status-publish","4":"has-post-thumbnail","6":"product_brand-jazmin-chebar","7":"product_cat-calzado","8":"product_cat-jazmin-x-edgardo","9":"product_tag-jazmin-chebar","11":"first","12":"instock","13":"shipping-taxable","14":"purchasable","15":"product-type-variable"},"_links":{"self":[{"href":"https:\/\/anacleta.com.ar\/es_es\/wp-json\/wp\/v2\/product\/97657","targetHints":{"allow":["GET"]}}],"collection":[{"href":"https:\/\/anacleta.com.ar\/es_es\/wp-json\/wp\/v2\/product"}],"about":[{"href":"https:\/\/anacleta.com.ar\/es_es\/wp-json\/wp\/v2\/types\/product"}],"wp:featuredmedia":[{"embeddable":true,"href":"https:\/\/anacleta.com.ar\/es_es\/wp-json\/wp\/v2\/media\/97660"}],"wp:attachment":[{"href":"https:\/\/anacleta.com.ar\/es_es\/wp-json\/wp\/v2\/media?parent=97657"}],"wp:term":[{"taxonomy":"product_brand","embeddable":true,"href":"https:\/\/anacleta.com.ar\/es_es\/wp-json\/wp\/v2\/product_brand?post=97657"},{"taxonomy":"product_cat","embeddable":true,"href":"https:\/\/anacleta.com.ar\/es_es\/wp-json\/wp\/v2\/product_cat?post=97657"},{"taxonomy":"product_tag","embeddable":true,"href":"https:\/\/anacleta.com.ar\/es_es\/wp-json\/wp\/v2\/product_tag?post=97657"}],"curies":[{"name":"wp","href":"https:\/\/api.w.org\/{rel}","templated":true}]}}