{"id":97718,"date":"2025-05-17T12:57:12","date_gmt":"2025-05-17T15:57:12","guid":{"rendered":"https:\/\/anacleta.com.ar\/?post_type=product&#038;p=97718"},"modified":"2026-02-06T18:32:21","modified_gmt":"2026-02-06T21:32:21","slug":"vestido-seattle","status":"publish","type":"product","link":"https:\/\/anacleta.com.ar\/es_es\/producto\/vestido-seattle\/","title":{"rendered":"Vestido Seattle"},"content":{"rendered":"","protected":false},"excerpt":{"rendered":"<p>El vestido seattle est\u00e1 confeccionado en microfibra doble de alta elasticidad, asegurando un agarre y calce perfecto. Tiene escote tipo bote y se sujeta mediante un lazo en la espalda, el cual podes regular. Tambi\u00e9n, las tiras de espalda, tienen cristales en hot fix color gris\u00e1ceo. La espalda es descubierta y presenta en la parte inferior trasera un frunce para resaltar a\u00fan m\u00e1s la figura. Tiene ca\u00edda y largo perfecto para que puedas destacarte en todas tus fiestas sin pasar desapercibida.<\/p>\n","protected":false},"featured_media":97720,"template":"","meta":[],"product_brand":[486],"product_cat":[125,130],"product_tag":[384],"class_list":{"0":"post-97718","1":"product","2":"type-product","3":"status-publish","4":"has-post-thumbnail","6":"product_brand-paz-cornu","7":"product_cat-fiesta","8":"product_cat-vestidos-y-faldas","9":"product_tag-paz-cornu","11":"first","12":"instock","13":"shipping-taxable","14":"purchasable","15":"product-type-variable"},"_links":{"self":[{"href":"https:\/\/anacleta.com.ar\/es_es\/wp-json\/wp\/v2\/product\/97718","targetHints":{"allow":["GET"]}}],"collection":[{"href":"https:\/\/anacleta.com.ar\/es_es\/wp-json\/wp\/v2\/product"}],"about":[{"href":"https:\/\/anacleta.com.ar\/es_es\/wp-json\/wp\/v2\/types\/product"}],"wp:featuredmedia":[{"embeddable":true,"href":"https:\/\/anacleta.com.ar\/es_es\/wp-json\/wp\/v2\/media\/97720"}],"wp:attachment":[{"href":"https:\/\/anacleta.com.ar\/es_es\/wp-json\/wp\/v2\/media?parent=97718"}],"wp:term":[{"taxonomy":"product_brand","embeddable":true,"href":"https:\/\/anacleta.com.ar\/es_es\/wp-json\/wp\/v2\/product_brand?post=97718"},{"taxonomy":"product_cat","embeddable":true,"href":"https:\/\/anacleta.com.ar\/es_es\/wp-json\/wp\/v2\/product_cat?post=97718"},{"taxonomy":"product_tag","embeddable":true,"href":"https:\/\/anacleta.com.ar\/es_es\/wp-json\/wp\/v2\/product_tag?post=97718"}],"curies":[{"name":"wp","href":"https:\/\/api.w.org\/{rel}","templated":true}]}}