{"id":97746,"date":"2025-05-19T18:14:10","date_gmt":"2025-05-19T21:14:10","guid":{"rendered":"https:\/\/anacleta.com.ar\/?post_type=product&#038;p=97746"},"modified":"2026-02-06T18:32:15","modified_gmt":"2026-02-06T21:32:15","slug":"sweater-manhattan","status":"publish","type":"product","link":"https:\/\/anacleta.com.ar\/es_es\/producto\/sweater-manhattan\/","title":{"rendered":"Sweater Manhattan"},"content":{"rendered":"","protected":false},"excerpt":{"rendered":"<p>Sweater bordado en escote con cristales, dise\u00f1o pensado para nuestra colecci\u00f3n Manhattan invierno 25&#8242;. Viene en dos variantes de color: gris y negro. Es la opci\u00f3n perfecta para lucir radiante y abrigada durante el invierno, sin perder el estilo sofisticado.<\/p>\n","protected":false},"featured_media":97750,"template":"","meta":[],"product_brand":[486],"product_cat":[146],"product_tag":[384],"class_list":{"0":"post-97746","1":"product","2":"type-product","3":"status-publish","4":"has-post-thumbnail","6":"product_brand-paz-cornu","7":"product_cat-sweaters","8":"product_tag-paz-cornu","10":"first","11":"instock","12":"shipping-taxable","13":"purchasable","14":"product-type-variable"},"_links":{"self":[{"href":"https:\/\/anacleta.com.ar\/es_es\/wp-json\/wp\/v2\/product\/97746","targetHints":{"allow":["GET"]}}],"collection":[{"href":"https:\/\/anacleta.com.ar\/es_es\/wp-json\/wp\/v2\/product"}],"about":[{"href":"https:\/\/anacleta.com.ar\/es_es\/wp-json\/wp\/v2\/types\/product"}],"wp:featuredmedia":[{"embeddable":true,"href":"https:\/\/anacleta.com.ar\/es_es\/wp-json\/wp\/v2\/media\/97750"}],"wp:attachment":[{"href":"https:\/\/anacleta.com.ar\/es_es\/wp-json\/wp\/v2\/media?parent=97746"}],"wp:term":[{"taxonomy":"product_brand","embeddable":true,"href":"https:\/\/anacleta.com.ar\/es_es\/wp-json\/wp\/v2\/product_brand?post=97746"},{"taxonomy":"product_cat","embeddable":true,"href":"https:\/\/anacleta.com.ar\/es_es\/wp-json\/wp\/v2\/product_cat?post=97746"},{"taxonomy":"product_tag","embeddable":true,"href":"https:\/\/anacleta.com.ar\/es_es\/wp-json\/wp\/v2\/product_tag?post=97746"}],"curies":[{"name":"wp","href":"https:\/\/api.w.org\/{rel}","templated":true}]}}