{"id":97753,"date":"2025-05-19T18:19:52","date_gmt":"2025-05-19T21:19:52","guid":{"rendered":"https:\/\/anacleta.com.ar\/?post_type=product&#038;p=97753"},"modified":"2026-04-01T10:51:06","modified_gmt":"2026-04-01T13:51:06","slug":"remera-asher","status":"publish","type":"product","link":"https:\/\/anacleta.com.ar\/es_es\/producto\/remera-asher\/","title":{"rendered":"Remera Asher"},"content":{"rendered":"","protected":false},"excerpt":{"rendered":"<p>Confeccionada en jersey de algod\u00f3n elastizado de alta calidad, la remera Asher tiene un largo hasta la l\u00ednea del ombligo, brindando un calce c\u00f3modo y moderno. Bordada a mano con cristales en el escote, dise\u00f1o exclusivo de nuestra colecci\u00f3n Manhattan Invierno 25&#8242;. Esta prenda es un b\u00e1sico con estilo, que aporta un toque \u00fanico a tus looks y los eleva con sofisticaci\u00f3n.<\/p>\n<p>Composici\u00f3n: 95% Ray\u00f3n 5% Spandex.<\/p>\n","protected":false},"featured_media":97757,"template":"","meta":[],"product_brand":[486],"product_cat":[129],"product_tag":[384],"class_list":{"0":"post-97753","1":"product","2":"type-product","3":"status-publish","4":"has-post-thumbnail","6":"product_brand-paz-cornu","7":"product_cat-remeras","8":"product_tag-paz-cornu","10":"first","11":"instock","12":"shipping-taxable","13":"purchasable","14":"product-type-variable"},"_links":{"self":[{"href":"https:\/\/anacleta.com.ar\/es_es\/wp-json\/wp\/v2\/product\/97753","targetHints":{"allow":["GET"]}}],"collection":[{"href":"https:\/\/anacleta.com.ar\/es_es\/wp-json\/wp\/v2\/product"}],"about":[{"href":"https:\/\/anacleta.com.ar\/es_es\/wp-json\/wp\/v2\/types\/product"}],"wp:featuredmedia":[{"embeddable":true,"href":"https:\/\/anacleta.com.ar\/es_es\/wp-json\/wp\/v2\/media\/97757"}],"wp:attachment":[{"href":"https:\/\/anacleta.com.ar\/es_es\/wp-json\/wp\/v2\/media?parent=97753"}],"wp:term":[{"taxonomy":"product_brand","embeddable":true,"href":"https:\/\/anacleta.com.ar\/es_es\/wp-json\/wp\/v2\/product_brand?post=97753"},{"taxonomy":"product_cat","embeddable":true,"href":"https:\/\/anacleta.com.ar\/es_es\/wp-json\/wp\/v2\/product_cat?post=97753"},{"taxonomy":"product_tag","embeddable":true,"href":"https:\/\/anacleta.com.ar\/es_es\/wp-json\/wp\/v2\/product_tag?post=97753"}],"curies":[{"name":"wp","href":"https:\/\/api.w.org\/{rel}","templated":true}]}}