{"id":97783,"date":"2025-05-22T19:19:25","date_gmt":"2025-05-22T22:19:25","guid":{"rendered":"https:\/\/anacleta.com.ar\/?post_type=product&#038;p=97783"},"modified":"2025-05-22T19:19:25","modified_gmt":"2025-05-22T22:19:25","slug":"camisa-reese-2","status":"publish","type":"product","link":"https:\/\/anacleta.com.ar\/es_es\/producto\/camisa-reese-2\/","title":{"rendered":"Camisa Reese"},"content":{"rendered":"","protected":false},"excerpt":{"rendered":"<p>Camisa sublimada, confeccionada en denim y ray\u00f3n. De silueta recta y cuerpo sublimado con dise\u00f1o en combinaci\u00f3n de colores y cartera, canes\u00fa y pu\u00f1os en denim liviano. Posee manga 3\/4 con pu\u00f1os.<\/p>\n","protected":false},"featured_media":97787,"template":"","meta":[],"product_brand":[],"product_cat":[184],"product_tag":[473],"class_list":{"0":"post-97783","1":"product","2":"type-product","3":"status-publish","4":"has-post-thumbnail","6":"product_cat-camisas","7":"product_tag-liarte","9":"first","10":"instock","11":"shipping-taxable","12":"purchasable","13":"product-type-variable"},"_links":{"self":[{"href":"https:\/\/anacleta.com.ar\/es_es\/wp-json\/wp\/v2\/product\/97783","targetHints":{"allow":["GET"]}}],"collection":[{"href":"https:\/\/anacleta.com.ar\/es_es\/wp-json\/wp\/v2\/product"}],"about":[{"href":"https:\/\/anacleta.com.ar\/es_es\/wp-json\/wp\/v2\/types\/product"}],"wp:featuredmedia":[{"embeddable":true,"href":"https:\/\/anacleta.com.ar\/es_es\/wp-json\/wp\/v2\/media\/97787"}],"wp:attachment":[{"href":"https:\/\/anacleta.com.ar\/es_es\/wp-json\/wp\/v2\/media?parent=97783"}],"wp:term":[{"taxonomy":"product_brand","embeddable":true,"href":"https:\/\/anacleta.com.ar\/es_es\/wp-json\/wp\/v2\/product_brand?post=97783"},{"taxonomy":"product_cat","embeddable":true,"href":"https:\/\/anacleta.com.ar\/es_es\/wp-json\/wp\/v2\/product_cat?post=97783"},{"taxonomy":"product_tag","embeddable":true,"href":"https:\/\/anacleta.com.ar\/es_es\/wp-json\/wp\/v2\/product_tag?post=97783"}],"curies":[{"name":"wp","href":"https:\/\/api.w.org\/{rel}","templated":true}]}}