{"id":98280,"date":"2025-06-05T08:00:40","date_gmt":"2025-06-05T11:00:40","guid":{"rendered":"https:\/\/anacleta.com.ar\/?post_type=product&#038;p=98280"},"modified":"2026-04-01T18:34:56","modified_gmt":"2026-04-01T21:34:56","slug":"billetera-lauren","status":"publish","type":"product","link":"https:\/\/anacleta.com.ar\/es_es\/producto\/billetera-lauren\/","title":{"rendered":"Billetera Lauren"},"content":{"rendered":"","protected":false},"excerpt":{"rendered":"<p>Billetera Lauren de tama\u00f1o intermedio realizada en su totalidad en cuero vacuno graneado. El acceso es gracias a un torniquete met\u00e1lico dise\u00f1ado exclusivamente para esta colecci\u00f3n. El interior tiene un bolsillo met\u00e1lico y m\u00faltiples divisiones para el guardado de tarjetas y de otras pertenencias, lo cual genera mayor capacidad de guardado. La forrer\u00eda est\u00e1 realizada en tejido jacquard.<\/p>\n<p>Composici\u00f3n: Cuerpo: 100% Cuero Vacuno Flor Forrer\u00eda: 100% Poli\u00e9ster<\/p>\n<p>Medidas: Alto: 10 cm Ancho: 14 cm Profundidad: 2 cm<\/p>\n","protected":false},"featured_media":98281,"template":"","meta":[],"product_brand":[480],"product_cat":[492,128,491,461],"product_tag":[112],"class_list":{"0":"post-98280","1":"product","2":"type-product","3":"status-publish","4":"has-post-thumbnail","6":"product_brand-jazmin-chebar","7":"product_cat-2x1","8":"product_cat-accesorios","9":"product_cat-flash-market","10":"product_cat-todo-para-chebar","11":"product_tag-jazmin-chebar","13":"first","14":"instock","15":"sale","16":"shipping-taxable","17":"purchasable","18":"product-type-simple"},"_links":{"self":[{"href":"https:\/\/anacleta.com.ar\/es_es\/wp-json\/wp\/v2\/product\/98280","targetHints":{"allow":["GET"]}}],"collection":[{"href":"https:\/\/anacleta.com.ar\/es_es\/wp-json\/wp\/v2\/product"}],"about":[{"href":"https:\/\/anacleta.com.ar\/es_es\/wp-json\/wp\/v2\/types\/product"}],"wp:featuredmedia":[{"embeddable":true,"href":"https:\/\/anacleta.com.ar\/es_es\/wp-json\/wp\/v2\/media\/98281"}],"wp:attachment":[{"href":"https:\/\/anacleta.com.ar\/es_es\/wp-json\/wp\/v2\/media?parent=98280"}],"wp:term":[{"taxonomy":"product_brand","embeddable":true,"href":"https:\/\/anacleta.com.ar\/es_es\/wp-json\/wp\/v2\/product_brand?post=98280"},{"taxonomy":"product_cat","embeddable":true,"href":"https:\/\/anacleta.com.ar\/es_es\/wp-json\/wp\/v2\/product_cat?post=98280"},{"taxonomy":"product_tag","embeddable":true,"href":"https:\/\/anacleta.com.ar\/es_es\/wp-json\/wp\/v2\/product_tag?post=98280"}],"curies":[{"name":"wp","href":"https:\/\/api.w.org\/{rel}","templated":true}]}}