{"id":98295,"date":"2025-06-05T08:00:24","date_gmt":"2025-06-05T11:00:24","guid":{"rendered":"https:\/\/anacleta.com.ar\/?post_type=product&#038;p=98295"},"modified":"2025-12-04T12:34:07","modified_gmt":"2025-12-04T15:34:07","slug":"charm-cherry","status":"publish","type":"product","link":"https:\/\/anacleta.com.ar\/es_es\/producto\/charm-cherry\/","title":{"rendered":"Charm Cherry"},"content":{"rendered":"","protected":false},"excerpt":{"rendered":"<p>Charm Cherry colgante realizado en cuero vacuno con dije met\u00e1lico cherry y cuentas pasantes multicolores dise\u00f1adas exclusivamente para esta colecci\u00f3n<\/p>\n<p>Composici\u00f3n: 50% Zamac 50% Cuero Vacuno Flor<\/p>\n","protected":false},"featured_media":98296,"template":"","meta":[],"product_brand":[480],"product_cat":[128],"product_tag":[112],"class_list":{"0":"post-98295","1":"product","2":"type-product","3":"status-publish","4":"has-post-thumbnail","6":"product_brand-jazmin-chebar","7":"product_cat-accesorios","8":"product_tag-jazmin-chebar","10":"first","11":"instock","12":"shipping-taxable","13":"purchasable","14":"product-type-simple"},"_links":{"self":[{"href":"https:\/\/anacleta.com.ar\/es_es\/wp-json\/wp\/v2\/product\/98295","targetHints":{"allow":["GET"]}}],"collection":[{"href":"https:\/\/anacleta.com.ar\/es_es\/wp-json\/wp\/v2\/product"}],"about":[{"href":"https:\/\/anacleta.com.ar\/es_es\/wp-json\/wp\/v2\/types\/product"}],"wp:featuredmedia":[{"embeddable":true,"href":"https:\/\/anacleta.com.ar\/es_es\/wp-json\/wp\/v2\/media\/98296"}],"wp:attachment":[{"href":"https:\/\/anacleta.com.ar\/es_es\/wp-json\/wp\/v2\/media?parent=98295"}],"wp:term":[{"taxonomy":"product_brand","embeddable":true,"href":"https:\/\/anacleta.com.ar\/es_es\/wp-json\/wp\/v2\/product_brand?post=98295"},{"taxonomy":"product_cat","embeddable":true,"href":"https:\/\/anacleta.com.ar\/es_es\/wp-json\/wp\/v2\/product_cat?post=98295"},{"taxonomy":"product_tag","embeddable":true,"href":"https:\/\/anacleta.com.ar\/es_es\/wp-json\/wp\/v2\/product_tag?post=98295"}],"curies":[{"name":"wp","href":"https:\/\/api.w.org\/{rel}","templated":true}]}}