{"id":98627,"date":"2025-06-19T12:53:13","date_gmt":"2025-06-19T15:53:13","guid":{"rendered":"https:\/\/anacleta.com.ar\/?post_type=product&#038;p=98627"},"modified":"2026-04-10T12:09:23","modified_gmt":"2026-04-10T15:09:23","slug":"bomber-cupido","status":"publish","type":"product","link":"https:\/\/anacleta.com.ar\/es_es\/producto\/bomber-cupido\/","title":{"rendered":"Bomber Cupido"},"content":{"rendered":"","protected":false},"excerpt":{"rendered":"<p>Bomber Cupido confeccionada en corderoy, te\u00f1ido de \u00edndigo lo que permite desgastar el tejido y darle un look mucho m\u00e1s casual. Tiene pu\u00f1os de algod\u00f3n y un parche de nuestra estampa de colecci\u00f3n.<\/p>\n<p>Composici\u00f3n: 100% algod\u00f3n<\/p>\n<p>Referencia modelo Sasha: Altura 1,72 Talle: 1<\/p>\n","protected":false},"featured_media":98630,"template":"","meta":[],"product_brand":[480],"product_cat":[492,491,148,461],"product_tag":[112],"class_list":{"0":"post-98627","1":"product","2":"type-product","3":"status-publish","4":"has-post-thumbnail","6":"product_brand-jazmin-chebar","7":"product_cat-2x1","8":"product_cat-flash-market","9":"product_cat-sacos-y-camperas","10":"product_cat-todo-para-chebar","11":"product_tag-jazmin-chebar","13":"first","14":"outofstock","15":"shipping-taxable","16":"product-type-variable"},"_links":{"self":[{"href":"https:\/\/anacleta.com.ar\/es_es\/wp-json\/wp\/v2\/product\/98627","targetHints":{"allow":["GET"]}}],"collection":[{"href":"https:\/\/anacleta.com.ar\/es_es\/wp-json\/wp\/v2\/product"}],"about":[{"href":"https:\/\/anacleta.com.ar\/es_es\/wp-json\/wp\/v2\/types\/product"}],"wp:featuredmedia":[{"embeddable":true,"href":"https:\/\/anacleta.com.ar\/es_es\/wp-json\/wp\/v2\/media\/98630"}],"wp:attachment":[{"href":"https:\/\/anacleta.com.ar\/es_es\/wp-json\/wp\/v2\/media?parent=98627"}],"wp:term":[{"taxonomy":"product_brand","embeddable":true,"href":"https:\/\/anacleta.com.ar\/es_es\/wp-json\/wp\/v2\/product_brand?post=98627"},{"taxonomy":"product_cat","embeddable":true,"href":"https:\/\/anacleta.com.ar\/es_es\/wp-json\/wp\/v2\/product_cat?post=98627"},{"taxonomy":"product_tag","embeddable":true,"href":"https:\/\/anacleta.com.ar\/es_es\/wp-json\/wp\/v2\/product_tag?post=98627"}],"curies":[{"name":"wp","href":"https:\/\/api.w.org\/{rel}","templated":true}]}}